{"id":573,"date":"2020-12-09T06:41:48","date_gmt":"2020-12-09T06:41:48","guid":{"rendered":"http:\/\/besenyod.hu\/?page_id=573"},"modified":"2020-12-09T06:41:48","modified_gmt":"2020-12-09T06:41:48","slug":"lakossagi-felhivas-honvedseg","status":"publish","type":"page","link":"http:\/\/besenyod.hu\/?page_id=573","title":{"rendered":"Lakoss\u00e1gi felh\u00edv\u00e1s (HONV\u00c9DS\u00c9G)"},"content":{"rendered":"\n<div class=\"wp-block-image\"><figure class=\"aligncenter size-large\"><img decoding=\"async\" loading=\"lazy\" width=\"594\" height=\"202\" src=\"http:\/\/besenyod.hu\/wp-content\/uploads\/2020\/12\/Honvedelem-1-1.jpg\" alt=\"\" class=\"wp-image-574\" srcset=\"http:\/\/besenyod.hu\/wp-content\/uploads\/2020\/12\/Honvedelem-1-1.jpg 594w, http:\/\/besenyod.hu\/wp-content\/uploads\/2020\/12\/Honvedelem-1-1-300x102.jpg 300w, http:\/\/besenyod.hu\/wp-content\/uploads\/2020\/12\/Honvedelem-1-1-500x170.jpg 500w\" sizes=\"(max-width: 594px) 100vw, 594px\" \/><\/figure><\/div>\n\n\n\n<div class=\"wp-block-image\"><figure class=\"aligncenter size-large\"><img decoding=\"async\" loading=\"lazy\" width=\"629\" height=\"822\" src=\"http:\/\/besenyod.hu\/wp-content\/uploads\/2020\/12\/Honvedelem.jpg\" alt=\"\" class=\"wp-image-575\" srcset=\"http:\/\/besenyod.hu\/wp-content\/uploads\/2020\/12\/Honvedelem.jpg 629w, http:\/\/besenyod.hu\/wp-content\/uploads\/2020\/12\/Honvedelem-230x300.jpg 230w\" sizes=\"(max-width: 629px) 100vw, 629px\" \/><\/figure><\/div>\n","protected":false},"excerpt":{"rendered":"","protected":false},"author":1,"featured_media":0,"parent":9,"menu_order":0,"comment_status":"closed","ping_status":"closed","template":"","meta":{"ngg_post_thumbnail":0},"_links":{"self":[{"href":"http:\/\/besenyod.hu\/index.php?rest_route=\/wp\/v2\/pages\/573"}],"collection":[{"href":"http:\/\/besenyod.hu\/index.php?rest_route=\/wp\/v2\/pages"}],"about":[{"href":"http:\/\/besenyod.hu\/index.php?rest_route=\/wp\/v2\/types\/page"}],"author":[{"embeddable":true,"href":"http:\/\/besenyod.hu\/index.php?rest_route=\/wp\/v2\/users\/1"}],"replies":[{"embeddable":true,"href":"http:\/\/besenyod.hu\/index.php?rest_route=%2Fwp%2Fv2%2Fcomments&post=573"}],"version-history":[{"count":1,"href":"http:\/\/besenyod.hu\/index.php?rest_route=\/wp\/v2\/pages\/573\/revisions"}],"predecessor-version":[{"id":576,"href":"http:\/\/besenyod.hu\/index.php?rest_route=\/wp\/v2\/pages\/573\/revisions\/576"}],"up":[{"embeddable":true,"href":"http:\/\/besenyod.hu\/index.php?rest_route=\/wp\/v2\/pages\/9"}],"wp:attachment":[{"href":"http:\/\/besenyod.hu\/index.php?rest_route=%2Fwp%2Fv2%2Fmedia&parent=573"}],"curies":[{"name":"wp","href":"https:\/\/api.w.org\/{rel}","templated":true}]}}