{"id":555,"date":"2020-12-08T14:01:08","date_gmt":"2020-12-08T14:01:08","guid":{"rendered":"http:\/\/besenyod.hu\/?page_id=555"},"modified":"2021-04-19T14:19:08","modified_gmt":"2021-04-19T14:19:08","slug":"eszkozfejlesztes-belteruleti-kozterulet-karbantartasara","status":"publish","type":"page","link":"http:\/\/besenyod.hu\/?page_id=555","title":{"rendered":"&#8222;Eszk\u00f6zfejleszt\u00e9s belter\u00fcleti k\u00f6zter\u00fclet karbantart\u00e1s\u00e1ra&#8221;"},"content":{"rendered":"\n<figure class=\"wp-block-image size-large\"><img decoding=\"async\" loading=\"lazy\" width=\"707\" height=\"733\" src=\"http:\/\/besenyod.hu\/wp-content\/uploads\/2020\/12\/MAGYAR-FALU-PROGRAM-logo.jpg\" alt=\"\" class=\"wp-image-557\" srcset=\"http:\/\/besenyod.hu\/wp-content\/uploads\/2020\/12\/MAGYAR-FALU-PROGRAM-logo.jpg 707w, http:\/\/besenyod.hu\/wp-content\/uploads\/2020\/12\/MAGYAR-FALU-PROGRAM-logo-289x300.jpg 289w\" sizes=\"(max-width: 707px) 100vw, 707px\" \/><\/figure>\n\n\n\n<figure class=\"wp-block-image size-large\"><img decoding=\"async\" loading=\"lazy\" width=\"645\" height=\"912\" src=\"http:\/\/besenyod.hu\/wp-content\/uploads\/2020\/12\/Tajekoztato-tabla.jpg\" alt=\"\" class=\"wp-image-558\" srcset=\"http:\/\/besenyod.hu\/wp-content\/uploads\/2020\/12\/Tajekoztato-tabla.jpg 645w, http:\/\/besenyod.hu\/wp-content\/uploads\/2020\/12\/Tajekoztato-tabla-212x300.jpg 212w\" sizes=\"(max-width: 645px) 100vw, 645px\" \/><\/figure>\n\n\n\n<figure class=\"wp-block-image size-large\"><img decoding=\"async\" loading=\"lazy\" width=\"631\" height=\"863\" src=\"http:\/\/besenyod.hu\/wp-content\/uploads\/2020\/12\/TAMOGATOI-OKIRAT-1-oldal.jpg\" alt=\"\" class=\"wp-image-559\" srcset=\"http:\/\/besenyod.hu\/wp-content\/uploads\/2020\/12\/TAMOGATOI-OKIRAT-1-oldal.jpg 631w, http:\/\/besenyod.hu\/wp-content\/uploads\/2020\/12\/TAMOGATOI-OKIRAT-1-oldal-219x300.jpg 219w\" sizes=\"(max-width: 631px) 100vw, 631px\" \/><\/figure>\n\n\n\n<figure class=\"wp-block-image size-large\"><img decoding=\"async\" loading=\"lazy\" width=\"620\" height=\"801\" src=\"http:\/\/besenyod.hu\/wp-content\/uploads\/2020\/12\/TAMOGATOI-OKIRAT-2-oldal.jpg\" alt=\"\" class=\"wp-image-561\" srcset=\"http:\/\/besenyod.hu\/wp-content\/uploads\/2020\/12\/TAMOGATOI-OKIRAT-2-oldal.jpg 620w, http:\/\/besenyod.hu\/wp-content\/uploads\/2020\/12\/TAMOGATOI-OKIRAT-2-oldal-232x300.jpg 232w\" sizes=\"(max-width: 620px) 100vw, 620px\" \/><\/figure>\n\n\n\n<figure class=\"wp-block-image size-large\"><img decoding=\"async\" loading=\"lazy\" width=\"618\" height=\"867\" src=\"http:\/\/besenyod.hu\/wp-content\/uploads\/2020\/12\/TAMOGATOI-OKIRAT-3-oldal.jpg\" alt=\"\" class=\"wp-image-562\" srcset=\"http:\/\/besenyod.hu\/wp-content\/uploads\/2020\/12\/TAMOGATOI-OKIRAT-3-oldal.jpg 618w, http:\/\/besenyod.hu\/wp-content\/uploads\/2020\/12\/TAMOGATOI-OKIRAT-3-oldal-214x300.jpg 214w\" sizes=\"(max-width: 618px) 100vw, 618px\" \/><\/figure>\n\n\n\n<figure class=\"wp-block-image size-large\"><img decoding=\"async\" loading=\"lazy\" width=\"631\" height=\"875\" src=\"http:\/\/besenyod.hu\/wp-content\/uploads\/2020\/12\/TAMOGATOI-OKIRAT-4-oldal.jpg\" alt=\"\" class=\"wp-image-563\" srcset=\"http:\/\/besenyod.hu\/wp-content\/uploads\/2020\/12\/TAMOGATOI-OKIRAT-4-oldal.jpg 631w, http:\/\/besenyod.hu\/wp-content\/uploads\/2020\/12\/TAMOGATOI-OKIRAT-4-oldal-216x300.jpg 216w\" sizes=\"(max-width: 631px) 100vw, 631px\" \/><\/figure>\n\n\n\n<figure class=\"wp-block-image size-large\"><img decoding=\"async\" loading=\"lazy\" width=\"635\" height=\"859\" src=\"http:\/\/besenyod.hu\/wp-content\/uploads\/2020\/12\/TAMOGATOI-OKIRAT-5-oldal.jpg\" alt=\"\" class=\"wp-image-564\" srcset=\"http:\/\/besenyod.hu\/wp-content\/uploads\/2020\/12\/TAMOGATOI-OKIRAT-5-oldal.jpg 635w, http:\/\/besenyod.hu\/wp-content\/uploads\/2020\/12\/TAMOGATOI-OKIRAT-5-oldal-222x300.jpg 222w\" sizes=\"(max-width: 635px) 100vw, 635px\" \/><\/figure>\n\n\n\n<figure class=\"wp-block-image size-large\"><a href=\"http:\/\/besenyod.hu\/wp-content\/uploads\/2021\/04\/Kistraktor-1.jpg\"><img decoding=\"async\" loading=\"lazy\" width=\"742\" height=\"922\" src=\"http:\/\/besenyod.hu\/wp-content\/uploads\/2021\/04\/Kistraktor-1.jpg\" alt=\"\" class=\"wp-image-1013\" srcset=\"http:\/\/besenyod.hu\/wp-content\/uploads\/2021\/04\/Kistraktor-1.jpg 742w, http:\/\/besenyod.hu\/wp-content\/uploads\/2021\/04\/Kistraktor-1-241x300.jpg 241w\" sizes=\"(max-width: 742px) 100vw, 742px\" \/><\/a><\/figure>\n\n\n\n<figure class=\"wp-block-image size-large\"><a href=\"http:\/\/besenyod.hu\/wp-content\/uploads\/2021\/04\/Kistraktor-2.jpg\"><img decoding=\"async\" loading=\"lazy\" width=\"1024\" height=\"593\" src=\"http:\/\/besenyod.hu\/wp-content\/uploads\/2021\/04\/Kistraktor-2-1024x593.jpg\" alt=\"\" class=\"wp-image-1014\" srcset=\"http:\/\/besenyod.hu\/wp-content\/uploads\/2021\/04\/Kistraktor-2-1024x593.jpg 1024w, http:\/\/besenyod.hu\/wp-content\/uploads\/2021\/04\/Kistraktor-2-300x174.jpg 300w, http:\/\/besenyod.hu\/wp-content\/uploads\/2021\/04\/Kistraktor-2-768x445.jpg 768w, http:\/\/besenyod.hu\/wp-content\/uploads\/2021\/04\/Kistraktor-2-1536x889.jpg 1536w, http:\/\/besenyod.hu\/wp-content\/uploads\/2021\/04\/Kistraktor-2-500x289.jpg 500w, http:\/\/besenyod.hu\/wp-content\/uploads\/2021\/04\/Kistraktor-2.jpg 1589w\" sizes=\"(max-width: 1024px) 100vw, 1024px\" \/><\/a><\/figure>\n\n\n\n<figure class=\"wp-block-image size-large\"><a href=\"http:\/\/besenyod.hu\/wp-content\/uploads\/2021\/04\/Kistraktor-utani-mutragya-szoro.jpg\"><img decoding=\"async\" loading=\"lazy\" width=\"552\" height=\"922\" src=\"http:\/\/besenyod.hu\/wp-content\/uploads\/2021\/04\/Kistraktor-utani-mutragya-szoro.jpg\" alt=\"\" class=\"wp-image-1016\" srcset=\"http:\/\/besenyod.hu\/wp-content\/uploads\/2021\/04\/Kistraktor-utani-mutragya-szoro.jpg 552w, http:\/\/besenyod.hu\/wp-content\/uploads\/2021\/04\/Kistraktor-utani-mutragya-szoro-180x300.jpg 180w\" sizes=\"(max-width: 552px) 100vw, 552px\" \/><\/a><\/figure>\n\n\n\n<figure class=\"wp-block-image size-large\"><a href=\"http:\/\/besenyod.hu\/wp-content\/uploads\/2021\/04\/Kistraktor-utani-agaprito-1.jpg\"><img decoding=\"async\" loading=\"lazy\" width=\"658\" height=\"928\" src=\"http:\/\/besenyod.hu\/wp-content\/uploads\/2021\/04\/Kistraktor-utani-agaprito-1.jpg\" alt=\"\" class=\"wp-image-1017\" srcset=\"http:\/\/besenyod.hu\/wp-content\/uploads\/2021\/04\/Kistraktor-utani-agaprito-1.jpg 658w, http:\/\/besenyod.hu\/wp-content\/uploads\/2021\/04\/Kistraktor-utani-agaprito-1-213x300.jpg 213w\" sizes=\"(max-width: 658px) 100vw, 658px\" \/><\/a><\/figure>\n","protected":false},"excerpt":{"rendered":"","protected":false},"author":1,"featured_media":0,"parent":475,"menu_order":4,"comment_status":"closed","ping_status":"closed","template":"","meta":{"ngg_post_thumbnail":0},"_links":{"self":[{"href":"http:\/\/besenyod.hu\/index.php?rest_route=\/wp\/v2\/pages\/555"}],"collection":[{"href":"http:\/\/besenyod.hu\/index.php?rest_route=\/wp\/v2\/pages"}],"about":[{"href":"http:\/\/besenyod.hu\/index.php?rest_route=\/wp\/v2\/types\/page"}],"author":[{"embeddable":true,"href":"http:\/\/besenyod.hu\/index.php?rest_route=\/wp\/v2\/users\/1"}],"replies":[{"embeddable":true,"href":"http:\/\/besenyod.hu\/index.php?rest_route=%2Fwp%2Fv2%2Fcomments&post=555"}],"version-history":[{"count":4,"href":"http:\/\/besenyod.hu\/index.php?rest_route=\/wp\/v2\/pages\/555\/revisions"}],"predecessor-version":[{"id":1018,"href":"http:\/\/besenyod.hu\/index.php?rest_route=\/wp\/v2\/pages\/555\/revisions\/1018"}],"up":[{"embeddable":true,"href":"http:\/\/besenyod.hu\/index.php?rest_route=\/wp\/v2\/pages\/475"}],"wp:attachment":[{"href":"http:\/\/besenyod.hu\/index.php?rest_route=%2Fwp%2Fv2%2Fmedia&parent=555"}],"curies":[{"name":"wp","href":"https:\/\/api.w.org\/{rel}","templated":true}]}}