{"id":436,"date":"2013-05-22T10:11:53","date_gmt":"2013-05-22T10:11:53","guid":{"rendered":"http:\/\/besenyod.hu\/?page_id=436"},"modified":"2013-05-22T10:34:19","modified_gmt":"2013-05-22T10:34:19","slug":"a-szocialis-ellatasok-helyi-szabalyarol","status":"publish","type":"page","link":"http:\/\/besenyod.hu\/?page_id=436","title":{"rendered":"A szoci\u00e1lis ell\u00e1t\u00e1sok helyi szab\u00e1ly\u00e1r\u00f3l"},"content":{"rendered":"<p><a href=\"http:\/\/besenyod.hu\/wp-content\/uploads\/2013\/05\/IMG_0000.jpg\"><img decoding=\"async\" loading=\"lazy\" class=\"aligncenter size-large wp-image-443\" alt=\"IMG_0000\" src=\"http:\/\/besenyod.hu\/wp-content\/uploads\/2013\/05\/IMG_0000-724x1024.jpg\" width=\"584\" height=\"825\" srcset=\"http:\/\/besenyod.hu\/wp-content\/uploads\/2013\/05\/IMG_0000-724x1024.jpg 724w, http:\/\/besenyod.hu\/wp-content\/uploads\/2013\/05\/IMG_0000-212x300.jpg 212w, http:\/\/besenyod.hu\/wp-content\/uploads\/2013\/05\/IMG_0000.jpg 1024w\" sizes=\"(max-width: 584px) 100vw, 584px\" \/><\/a><\/p>\n<p>&nbsp;<\/p>\n<p><a href=\"http:\/\/besenyod.hu\/wp-content\/uploads\/2013\/05\/IMG_0001.jpg\"><img decoding=\"async\" loading=\"lazy\" class=\"aligncenter size-large wp-image-444\" alt=\"IMG_0001\" src=\"http:\/\/besenyod.hu\/wp-content\/uploads\/2013\/05\/IMG_0001-724x1024.jpg\" width=\"584\" height=\"825\" srcset=\"http:\/\/besenyod.hu\/wp-content\/uploads\/2013\/05\/IMG_0001-724x1024.jpg 724w, http:\/\/besenyod.hu\/wp-content\/uploads\/2013\/05\/IMG_0001-212x300.jpg 212w, http:\/\/besenyod.hu\/wp-content\/uploads\/2013\/05\/IMG_0001.jpg 1024w\" sizes=\"(max-width: 584px) 100vw, 584px\" \/><\/a><\/p>\n<p><a href=\"http:\/\/besenyod.hu\/wp-content\/uploads\/2013\/05\/IMG_0002.jpg\"><img decoding=\"async\" loading=\"lazy\" class=\"aligncenter size-large wp-image-445\" alt=\"IMG_0002\" src=\"http:\/\/besenyod.hu\/wp-content\/uploads\/2013\/05\/IMG_0002-724x1024.jpg\" width=\"584\" height=\"825\" srcset=\"http:\/\/besenyod.hu\/wp-content\/uploads\/2013\/05\/IMG_0002-724x1024.jpg 724w, http:\/\/besenyod.hu\/wp-content\/uploads\/2013\/05\/IMG_0002-212x300.jpg 212w, http:\/\/besenyod.hu\/wp-content\/uploads\/2013\/05\/IMG_0002.jpg 1024w\" sizes=\"(max-width: 584px) 100vw, 584px\" \/><\/a><\/p>\n<p>&nbsp;<\/p>\n<p><a href=\"http:\/\/besenyod.hu\/wp-content\/uploads\/2013\/05\/IMG_0003.jpg\"><img decoding=\"async\" loading=\"lazy\" class=\"aligncenter size-large wp-image-446\" alt=\"IMG_0003\" src=\"http:\/\/besenyod.hu\/wp-content\/uploads\/2013\/05\/IMG_0003-724x1024.jpg\" width=\"584\" height=\"825\" srcset=\"http:\/\/besenyod.hu\/wp-content\/uploads\/2013\/05\/IMG_0003-724x1024.jpg 724w, http:\/\/besenyod.hu\/wp-content\/uploads\/2013\/05\/IMG_0003-212x300.jpg 212w, http:\/\/besenyod.hu\/wp-content\/uploads\/2013\/05\/IMG_0003.jpg 1024w\" sizes=\"(max-width: 584px) 100vw, 584px\" \/><\/a><\/p>\n<p>&nbsp;<\/p>\n<p><a href=\"http:\/\/besenyod.hu\/wp-content\/uploads\/2013\/05\/IMG_0004.jpg\"><img decoding=\"async\" loading=\"lazy\" class=\"aligncenter size-large wp-image-442\" alt=\"IMG_0004\" src=\"http:\/\/besenyod.hu\/wp-content\/uploads\/2013\/05\/IMG_0004-724x1024.jpg\" width=\"584\" height=\"825\" srcset=\"http:\/\/besenyod.hu\/wp-content\/uploads\/2013\/05\/IMG_0004-724x1024.jpg 724w, http:\/\/besenyod.hu\/wp-content\/uploads\/2013\/05\/IMG_0004-212x300.jpg 212w, http:\/\/besenyod.hu\/wp-content\/uploads\/2013\/05\/IMG_0004.jpg 1024w\" sizes=\"(max-width: 584px) 100vw, 584px\" \/><\/a><\/p>\n<p>&nbsp;<\/p>\n<p>&nbsp;<\/p>\n","protected":false},"excerpt":{"rendered":"<p>&nbsp; &nbsp; &nbsp; &nbsp; &nbsp;<\/p>\n","protected":false},"author":1,"featured_media":0,"parent":9,"menu_order":0,"comment_status":"closed","ping_status":"open","template":"","meta":{"ngg_post_thumbnail":0},"_links":{"self":[{"href":"http:\/\/besenyod.hu\/index.php?rest_route=\/wp\/v2\/pages\/436"}],"collection":[{"href":"http:\/\/besenyod.hu\/index.php?rest_route=\/wp\/v2\/pages"}],"about":[{"href":"http:\/\/besenyod.hu\/index.php?rest_route=\/wp\/v2\/types\/page"}],"author":[{"embeddable":true,"href":"http:\/\/besenyod.hu\/index.php?rest_route=\/wp\/v2\/users\/1"}],"replies":[{"embeddable":true,"href":"http:\/\/besenyod.hu\/index.php?rest_route=%2Fwp%2Fv2%2Fcomments&post=436"}],"version-history":[{"count":13,"href":"http:\/\/besenyod.hu\/index.php?rest_route=\/wp\/v2\/pages\/436\/revisions"}],"predecessor-version":[{"id":458,"href":"http:\/\/besenyod.hu\/index.php?rest_route=\/wp\/v2\/pages\/436\/revisions\/458"}],"up":[{"embeddable":true,"href":"http:\/\/besenyod.hu\/index.php?rest_route=\/wp\/v2\/pages\/9"}],"wp:attachment":[{"href":"http:\/\/besenyod.hu\/index.php?rest_route=%2Fwp%2Fv2%2Fmedia&parent=436"}],"curies":[{"name":"wp","href":"https:\/\/api.w.org\/{rel}","templated":true}]}}