{"id":196,"date":"2012-07-02T06:18:11","date_gmt":"2012-07-02T06:18:11","guid":{"rendered":"http:\/\/besenyod.hu\/?page_id=196"},"modified":"2012-07-15T14:49:00","modified_gmt":"2012-07-15T14:49:00","slug":"kerekparutat-avattak","status":"publish","type":"page","link":"http:\/\/besenyod.hu\/?page_id=196","title":{"rendered":"Ker\u00e9kp\u00e1rutat avattak"},"content":{"rendered":"<h1 style=\"text-align: center;\"><strong>Beseny\u0151d, <strong>Levelek<\/strong>&#8211;\u00a0Az eredm\u00e9ny meg\u00e9rte a sok kellemetlens\u00e9get, hiszen m\u00e1s \u2013 m\u00e9gpedig szebb \u00e9s rendezettebb \u2013 lett Levelek \u00e9s Beseny\u0151d arculata.<\/strong><\/h1>\n<p>St\u00edlszer\u0171en k\u00e9t ker\u00e9kp\u00e1rra k\u00f6t\u00f6tt\u00e9k azt a nemzeti sz\u00edn\u0171 szalagot, amelynek \u00e1tv\u00e1g\u00e1sa j\u00fanius 30-\u00e1n, szombaton azt jelentette Leveleken \u00e9s Beseny\u0151d\u00f6n, hogy a lakoss\u00e1g imm\u00e1r hivatalosan is haszn\u00e1lhatja a ker\u00e9kp\u00e1rutat. Azt az utat, amely nemcsak a k\u00f6zs\u00e9gben seg\u00edti a gyalogosok \u00e9s a ker\u00e9kp\u00e1rosok biztons\u00e1gos k\u00f6zleked\u00e9s\u00e9t, de \u00f6ssze is k\u00f6ti <strong>Levelek<\/strong><strong>et Beseny\u0151ddel<\/strong>.<\/p>\n<p>A biztons\u00e1gos k\u00f6zleked\u00e9s megteremt\u00e9se \u00e9s a szolg\u00e1ltat\u00e1sok jobb el\u00e9rhet\u0151s\u00e9ge volt a c\u00e9lja a leveleki \u00e9s a beseny\u0151di \u00f6nkorm\u00e1nyzatnak, amikor p\u00e1ly\u00e1zott ker\u00e9kp\u00e1r\u00fat meg\u00e9p\u00edt\u00e9s\u00e9re a mikrot\u00e9rs\u00e9gben. \u00cdgy az \u00daj Magyarorsz\u00e1g Fejleszt\u00e9si Terv \u00c9szak-Alf\u00f6ldi Operat\u00edv Program keret\u00e9ben 2.379 km hossz\u00fa \u00faj gyalog- \u00e9s ker\u00e9kp\u00e1rutat, valamint csapad\u00e9kv\u00edz-elvezet\u0151 h\u00e1l\u00f3zatot \u00e9p\u00edtettek ki a szakemberek.<\/p>\n<p align=\"center\"><strong>A k\u00f6z\u00f6s j\u00f6v\u0151be vezet<\/strong><\/p>\n<p>&#8211; Fontos esem\u00e9ny ez az avat\u00e1s Beseny\u0151d \u00e9let\u00e9ben is, hiszen a k\u00f6zs\u00e9g ism\u00e9t fejl\u0151d\u00f6tt. Ez az \u00fat vez\u00e9rvonal, ami \u00f6sszek\u00f6ti a k\u00e9t telep\u00fcl\u00e9st, ugyanakkor a k\u00e9t k\u00f6zs\u00e9g k\u00f6z\u00f6s j\u00f6v\u0151j\u00e9be vezet \u2013 emelte ki besz\u00e9d\u00e9ben Laskai Tiborn\u00e9, Beseny\u0151d polg\u00e1rmestere, majd \u00edgy folytatta: \u2013 A magas benzin\u00e1rak miatt, az eg\u00e9szs\u00e9ges \u00e9letm\u00f3d jegy\u00e9ben egyre t\u00f6bben \u00fclnek ker\u00e9kp\u00e1rra, s ez az \u00fat hozz\u00e1j\u00e1rul a biztons\u00e1gos k\u00f6zleked\u00e9s\u00fckh\u00f6z. A f\u00e1radoz\u00e1s, a sok munka nem volt hi\u00e1baval\u00f3, hiszen j\u00f3les\u0151 \u00e9rz\u00e9ssel l\u00e1ttam, hogy m\u00e1r az avat\u00e1s el\u0151tt milyen nagy \u00f6r\u00f6mmel haszn\u00e1lt\u00e1k kicsik \u00e9s nagyok a biztons\u00e1got jelent\u0151 ker\u00e9kp\u00e1rutat.<\/p>\n<p>A k\u00f6sz\u00f6nt\u0151 gondolatok elhangz\u00e1sa ut\u00e1n Somogyi S\u00e1ndor reform\u00e1tus lelk\u00e9sz megszentelte a ker\u00e9kp\u00e1rutat, amelyet azt\u00e1n Laskai Tiborn\u00e9, Kov\u00e1cs S\u00e1ndor \u00e9s Borsodi L\u00e1szl\u00f3 avatott fel.<br \/>\nEzt k\u00f6vet\u0151en a vend\u00e9gek a debreceni GABI \u2013 TRIAL l\u00e1tv\u00e1nyos bemutat\u00f3j\u00e1t l\u00e1thatt\u00e1k.<\/p>\n<p>&nbsp;<\/p>\n<!-- index.php -->\n<div\n\tclass=\"ngg-galleryoverview ngg-ajax-pagination-none\"\n\tid=\"ngg-gallery-ff6907bf2004931be35941c72798b44d-1\">\n\n    \t<div class=\"slideshowlink\">\n        <a href='http:\/\/besenyod.hu\/index.php\/nggallery\/slideshow?page_id=196'>[Show as slideshow]<\/a>\n\t\t\n\t<\/div>\n\t\t\t<!-- Thumbnails -->\n\t\t\t\t<div id=\"ngg-image-0\" class=\"ngg-gallery-thumbnail-box\" >\n\t\t\t\t        <div class=\"ngg-gallery-thumbnail\">\n            <a href=\"http:\/\/besenyod.hu\/wp-content\/gallery\/kerekparut\/kp-01.jpg\"\n               title=\"\"\n               data-src=\"http:\/\/besenyod.hu\/wp-content\/gallery\/kerekparut\/kp-01.jpg\"\n               data-thumbnail=\"http:\/\/besenyod.hu\/wp-content\/gallery\/kerekparut\/thumbs\/thumbs_kp-01.jpg\"\n               data-image-id=\"376\"\n               data-title=\"kp-01\"\n               data-description=\"\"\n               data-image-slug=\"kp-01\"\n               class='use_imagebrowser_effect' data-imagebrowser-url='http:\/\/besenyod.hu\/index.php\/nggallery\/image\/%STUB%?page_id=196'>\n                <img\n                    title=\"kp-01\"\n                    alt=\"kp-01\"\n                    src=\"http:\/\/besenyod.hu\/wp-content\/gallery\/kerekparut\/thumbs\/thumbs_kp-01.jpg\"\n                    width=\"100\"\n                    height=\"75\"\n                    style=\"max-width:100%;\"\n                \/>\n            <\/a>\n        <\/div>\n\t\t\t\t\t\t\t<\/div> \n\t\t\t\n        \n\t\t\t\t<div id=\"ngg-image-1\" class=\"ngg-gallery-thumbnail-box\" >\n\t\t\t\t        <div class=\"ngg-gallery-thumbnail\">\n            <a href=\"http:\/\/besenyod.hu\/wp-content\/gallery\/kerekparut\/kp-02.jpg\"\n               title=\"\"\n               data-src=\"http:\/\/besenyod.hu\/wp-content\/gallery\/kerekparut\/kp-02.jpg\"\n               data-thumbnail=\"http:\/\/besenyod.hu\/wp-content\/gallery\/kerekparut\/thumbs\/thumbs_kp-02.jpg\"\n               data-image-id=\"377\"\n               data-title=\"kp-02\"\n               data-description=\"\"\n               data-image-slug=\"kp-02\"\n               class='use_imagebrowser_effect' data-imagebrowser-url='http:\/\/besenyod.hu\/index.php\/nggallery\/image\/%STUB%?page_id=196'>\n                <img\n                    title=\"kp-02\"\n                    alt=\"kp-02\"\n                    src=\"http:\/\/besenyod.hu\/wp-content\/gallery\/kerekparut\/thumbs\/thumbs_kp-02.jpg\"\n                    width=\"100\"\n                    height=\"75\"\n                    style=\"max-width:100%;\"\n                \/>\n            <\/a>\n        <\/div>\n\t\t\t\t\t\t\t<\/div> \n\t\t\t\n        \n\t\t\t\t<div id=\"ngg-image-2\" class=\"ngg-gallery-thumbnail-box\" >\n\t\t\t\t        <div class=\"ngg-gallery-thumbnail\">\n            <a href=\"http:\/\/besenyod.hu\/wp-content\/gallery\/kerekparut\/kp-03.jpg\"\n               title=\"\"\n               data-src=\"http:\/\/besenyod.hu\/wp-content\/gallery\/kerekparut\/kp-03.jpg\"\n               data-thumbnail=\"http:\/\/besenyod.hu\/wp-content\/gallery\/kerekparut\/thumbs\/thumbs_kp-03.jpg\"\n               data-image-id=\"378\"\n               data-title=\"kp-03\"\n               data-description=\"\"\n               data-image-slug=\"kp-03\"\n               class='use_imagebrowser_effect' data-imagebrowser-url='http:\/\/besenyod.hu\/index.php\/nggallery\/image\/%STUB%?page_id=196'>\n                <img\n                    title=\"kp-03\"\n                    alt=\"kp-03\"\n                    src=\"http:\/\/besenyod.hu\/wp-content\/gallery\/kerekparut\/thumbs\/thumbs_kp-03.jpg\"\n                    width=\"100\"\n                    height=\"75\"\n                    style=\"max-width:100%;\"\n                \/>\n            <\/a>\n        <\/div>\n\t\t\t\t\t\t\t<\/div> \n\t\t\t\n        \n\t\t\t\t<div id=\"ngg-image-3\" class=\"ngg-gallery-thumbnail-box\" >\n\t\t\t\t        <div class=\"ngg-gallery-thumbnail\">\n            <a href=\"http:\/\/besenyod.hu\/wp-content\/gallery\/kerekparut\/kp-04.jpg\"\n               title=\"\"\n               data-src=\"http:\/\/besenyod.hu\/wp-content\/gallery\/kerekparut\/kp-04.jpg\"\n               data-thumbnail=\"http:\/\/besenyod.hu\/wp-content\/gallery\/kerekparut\/thumbs\/thumbs_kp-04.jpg\"\n               data-image-id=\"379\"\n               data-title=\"kp-04\"\n               data-description=\"\"\n               data-image-slug=\"kp-04\"\n               class='use_imagebrowser_effect' data-imagebrowser-url='http:\/\/besenyod.hu\/index.php\/nggallery\/image\/%STUB%?page_id=196'>\n                <img\n                    title=\"kp-04\"\n                    alt=\"kp-04\"\n                    src=\"http:\/\/besenyod.hu\/wp-content\/gallery\/kerekparut\/thumbs\/thumbs_kp-04.jpg\"\n                    width=\"100\"\n                    height=\"75\"\n                    style=\"max-width:100%;\"\n                \/>\n            <\/a>\n        <\/div>\n\t\t\t\t\t\t\t<\/div> \n\t\t\t\n        \n\t\t\t\t<div id=\"ngg-image-4\" class=\"ngg-gallery-thumbnail-box\" >\n\t\t\t\t        <div class=\"ngg-gallery-thumbnail\">\n            <a href=\"http:\/\/besenyod.hu\/wp-content\/gallery\/kerekparut\/kp-05.jpg\"\n               title=\"\"\n               data-src=\"http:\/\/besenyod.hu\/wp-content\/gallery\/kerekparut\/kp-05.jpg\"\n               data-thumbnail=\"http:\/\/besenyod.hu\/wp-content\/gallery\/kerekparut\/thumbs\/thumbs_kp-05.jpg\"\n               data-image-id=\"380\"\n               data-title=\"kp-05\"\n               data-description=\"\"\n               data-image-slug=\"kp-05\"\n               class='use_imagebrowser_effect' data-imagebrowser-url='http:\/\/besenyod.hu\/index.php\/nggallery\/image\/%STUB%?page_id=196'>\n                <img\n                    title=\"kp-05\"\n                    alt=\"kp-05\"\n                    src=\"http:\/\/besenyod.hu\/wp-content\/gallery\/kerekparut\/thumbs\/thumbs_kp-05.jpg\"\n                    width=\"100\"\n                    height=\"75\"\n                    style=\"max-width:100%;\"\n                \/>\n            <\/a>\n        <\/div>\n\t\t\t\t\t\t\t<\/div> \n\t\t\t\n        \n\t\t\t\t<div id=\"ngg-image-5\" class=\"ngg-gallery-thumbnail-box\" >\n\t\t\t\t        <div class=\"ngg-gallery-thumbnail\">\n            <a href=\"http:\/\/besenyod.hu\/wp-content\/gallery\/kerekparut\/kp-06.jpg\"\n               title=\"\"\n               data-src=\"http:\/\/besenyod.hu\/wp-content\/gallery\/kerekparut\/kp-06.jpg\"\n               data-thumbnail=\"http:\/\/besenyod.hu\/wp-content\/gallery\/kerekparut\/thumbs\/thumbs_kp-06.jpg\"\n               data-image-id=\"381\"\n               data-title=\"kp-06\"\n               data-description=\"\"\n               data-image-slug=\"kp-06\"\n               class='use_imagebrowser_effect' data-imagebrowser-url='http:\/\/besenyod.hu\/index.php\/nggallery\/image\/%STUB%?page_id=196'>\n                <img\n                    title=\"kp-06\"\n                    alt=\"kp-06\"\n                    src=\"http:\/\/besenyod.hu\/wp-content\/gallery\/kerekparut\/thumbs\/thumbs_kp-06.jpg\"\n                    width=\"100\"\n                    height=\"75\"\n                    style=\"max-width:100%;\"\n                \/>\n            <\/a>\n        <\/div>\n\t\t\t\t\t\t\t<\/div> \n\t\t\t\n        \n\t\t\t\t<div id=\"ngg-image-6\" class=\"ngg-gallery-thumbnail-box\" >\n\t\t\t\t        <div class=\"ngg-gallery-thumbnail\">\n            <a href=\"http:\/\/besenyod.hu\/wp-content\/gallery\/kerekparut\/kp-07.jpg\"\n               title=\"\"\n               data-src=\"http:\/\/besenyod.hu\/wp-content\/gallery\/kerekparut\/kp-07.jpg\"\n               data-thumbnail=\"http:\/\/besenyod.hu\/wp-content\/gallery\/kerekparut\/thumbs\/thumbs_kp-07.jpg\"\n               data-image-id=\"382\"\n               data-title=\"kp-07\"\n               data-description=\"\"\n               data-image-slug=\"kp-07\"\n               class='use_imagebrowser_effect' data-imagebrowser-url='http:\/\/besenyod.hu\/index.php\/nggallery\/image\/%STUB%?page_id=196'>\n                <img\n                    title=\"kp-07\"\n                    alt=\"kp-07\"\n                    src=\"http:\/\/besenyod.hu\/wp-content\/gallery\/kerekparut\/thumbs\/thumbs_kp-07.jpg\"\n                    width=\"100\"\n                    height=\"75\"\n                    style=\"max-width:100%;\"\n                \/>\n            <\/a>\n        <\/div>\n\t\t\t\t\t\t\t<\/div> \n\t\t\t\n        \n\t\t\t\t<div id=\"ngg-image-7\" class=\"ngg-gallery-thumbnail-box\" >\n\t\t\t\t        <div class=\"ngg-gallery-thumbnail\">\n            <a href=\"http:\/\/besenyod.hu\/wp-content\/gallery\/kerekparut\/kp-08.jpg\"\n               title=\"\"\n               data-src=\"http:\/\/besenyod.hu\/wp-content\/gallery\/kerekparut\/kp-08.jpg\"\n               data-thumbnail=\"http:\/\/besenyod.hu\/wp-content\/gallery\/kerekparut\/thumbs\/thumbs_kp-08.jpg\"\n               data-image-id=\"383\"\n               data-title=\"kp-08\"\n               data-description=\"\"\n               data-image-slug=\"kp-08\"\n               class='use_imagebrowser_effect' data-imagebrowser-url='http:\/\/besenyod.hu\/index.php\/nggallery\/image\/%STUB%?page_id=196'>\n                <img\n                    title=\"kp-08\"\n                    alt=\"kp-08\"\n                    src=\"http:\/\/besenyod.hu\/wp-content\/gallery\/kerekparut\/thumbs\/thumbs_kp-08.jpg\"\n                    width=\"100\"\n                    height=\"75\"\n                    style=\"max-width:100%;\"\n                \/>\n            <\/a>\n        <\/div>\n\t\t\t\t\t\t\t<\/div> \n\t\t\t\n        \n\t\t\t\t<div id=\"ngg-image-8\" class=\"ngg-gallery-thumbnail-box\" >\n\t\t\t\t        <div class=\"ngg-gallery-thumbnail\">\n            <a href=\"http:\/\/besenyod.hu\/wp-content\/gallery\/kerekparut\/kp-09.jpg\"\n               title=\"\"\n               data-src=\"http:\/\/besenyod.hu\/wp-content\/gallery\/kerekparut\/kp-09.jpg\"\n               data-thumbnail=\"http:\/\/besenyod.hu\/wp-content\/gallery\/kerekparut\/thumbs\/thumbs_kp-09.jpg\"\n               data-image-id=\"384\"\n               data-title=\"kp-09\"\n               data-description=\"\"\n               data-image-slug=\"kp-09\"\n               class='use_imagebrowser_effect' data-imagebrowser-url='http:\/\/besenyod.hu\/index.php\/nggallery\/image\/%STUB%?page_id=196'>\n                <img\n                    title=\"kp-09\"\n                    alt=\"kp-09\"\n                    src=\"http:\/\/besenyod.hu\/wp-content\/gallery\/kerekparut\/thumbs\/thumbs_kp-09.jpg\"\n                    width=\"100\"\n                    height=\"75\"\n                    style=\"max-width:100%;\"\n                \/>\n            <\/a>\n        <\/div>\n\t\t\t\t\t\t\t<\/div> \n\t\t\t\n        \n\t\t\t\t<div id=\"ngg-image-9\" class=\"ngg-gallery-thumbnail-box\" >\n\t\t\t\t        <div class=\"ngg-gallery-thumbnail\">\n            <a href=\"http:\/\/besenyod.hu\/wp-content\/gallery\/kerekparut\/kp-10.jpg\"\n               title=\"\"\n               data-src=\"http:\/\/besenyod.hu\/wp-content\/gallery\/kerekparut\/kp-10.jpg\"\n               data-thumbnail=\"http:\/\/besenyod.hu\/wp-content\/gallery\/kerekparut\/thumbs\/thumbs_kp-10.jpg\"\n               data-image-id=\"385\"\n               data-title=\"kp-10\"\n               data-description=\"\"\n               data-image-slug=\"kp-10\"\n               class='use_imagebrowser_effect' data-imagebrowser-url='http:\/\/besenyod.hu\/index.php\/nggallery\/image\/%STUB%?page_id=196'>\n                <img\n                    title=\"kp-10\"\n                    alt=\"kp-10\"\n                    src=\"http:\/\/besenyod.hu\/wp-content\/gallery\/kerekparut\/thumbs\/thumbs_kp-10.jpg\"\n                    width=\"100\"\n                    height=\"75\"\n                    style=\"max-width:100%;\"\n                \/>\n            <\/a>\n        <\/div>\n\t\t\t\t\t\t\t<\/div> \n\t\t\t\n        \n\t\t\t\t<div id=\"ngg-image-10\" class=\"ngg-gallery-thumbnail-box\" >\n\t\t\t\t        <div class=\"ngg-gallery-thumbnail\">\n            <a href=\"http:\/\/besenyod.hu\/wp-content\/gallery\/kerekparut\/kp-11.jpg\"\n               title=\"\"\n               data-src=\"http:\/\/besenyod.hu\/wp-content\/gallery\/kerekparut\/kp-11.jpg\"\n               data-thumbnail=\"http:\/\/besenyod.hu\/wp-content\/gallery\/kerekparut\/thumbs\/thumbs_kp-11.jpg\"\n               data-image-id=\"386\"\n               data-title=\"kp-11\"\n               data-description=\"\"\n               data-image-slug=\"kp-11\"\n               class='use_imagebrowser_effect' data-imagebrowser-url='http:\/\/besenyod.hu\/index.php\/nggallery\/image\/%STUB%?page_id=196'>\n                <img\n                    title=\"kp-11\"\n                    alt=\"kp-11\"\n                    src=\"http:\/\/besenyod.hu\/wp-content\/gallery\/kerekparut\/thumbs\/thumbs_kp-11.jpg\"\n                    width=\"100\"\n                    height=\"75\"\n                    style=\"max-width:100%;\"\n                \/>\n            <\/a>\n        <\/div>\n\t\t\t\t\t\t\t<\/div> \n\t\t\t\n        \n\t\t\t\t<div id=\"ngg-image-11\" class=\"ngg-gallery-thumbnail-box\" >\n\t\t\t\t        <div class=\"ngg-gallery-thumbnail\">\n            <a href=\"http:\/\/besenyod.hu\/wp-content\/gallery\/kerekparut\/kp-12.jpg\"\n               title=\"\"\n               data-src=\"http:\/\/besenyod.hu\/wp-content\/gallery\/kerekparut\/kp-12.jpg\"\n               data-thumbnail=\"http:\/\/besenyod.hu\/wp-content\/gallery\/kerekparut\/thumbs\/thumbs_kp-12.jpg\"\n               data-image-id=\"387\"\n               data-title=\"kp-12\"\n               data-description=\"\"\n               data-image-slug=\"kp-12\"\n               class='use_imagebrowser_effect' data-imagebrowser-url='http:\/\/besenyod.hu\/index.php\/nggallery\/image\/%STUB%?page_id=196'>\n                <img\n                    title=\"kp-12\"\n                    alt=\"kp-12\"\n                    src=\"http:\/\/besenyod.hu\/wp-content\/gallery\/kerekparut\/thumbs\/thumbs_kp-12.jpg\"\n                    width=\"100\"\n                    height=\"75\"\n                    style=\"max-width:100%;\"\n                \/>\n            <\/a>\n        <\/div>\n\t\t\t\t\t\t\t<\/div> \n\t\t\t\n        \n\t\t\t\t<div id=\"ngg-image-12\" class=\"ngg-gallery-thumbnail-box\" >\n\t\t\t\t        <div class=\"ngg-gallery-thumbnail\">\n            <a href=\"http:\/\/besenyod.hu\/wp-content\/gallery\/kerekparut\/kp-13.jpg\"\n               title=\"\"\n               data-src=\"http:\/\/besenyod.hu\/wp-content\/gallery\/kerekparut\/kp-13.jpg\"\n               data-thumbnail=\"http:\/\/besenyod.hu\/wp-content\/gallery\/kerekparut\/thumbs\/thumbs_kp-13.jpg\"\n               data-image-id=\"388\"\n               data-title=\"kp-13\"\n               data-description=\"\"\n               data-image-slug=\"kp-13\"\n               class='use_imagebrowser_effect' data-imagebrowser-url='http:\/\/besenyod.hu\/index.php\/nggallery\/image\/%STUB%?page_id=196'>\n                <img\n                    title=\"kp-13\"\n                    alt=\"kp-13\"\n                    src=\"http:\/\/besenyod.hu\/wp-content\/gallery\/kerekparut\/thumbs\/thumbs_kp-13.jpg\"\n                    width=\"100\"\n                    height=\"75\"\n                    style=\"max-width:100%;\"\n                \/>\n            <\/a>\n        <\/div>\n\t\t\t\t\t\t\t<\/div> \n\t\t\t\n        \n\t\t\t\t<div id=\"ngg-image-13\" class=\"ngg-gallery-thumbnail-box\" >\n\t\t\t\t        <div class=\"ngg-gallery-thumbnail\">\n            <a href=\"http:\/\/besenyod.hu\/wp-content\/gallery\/kerekparut\/kp-14.jpg\"\n               title=\"\"\n               data-src=\"http:\/\/besenyod.hu\/wp-content\/gallery\/kerekparut\/kp-14.jpg\"\n               data-thumbnail=\"http:\/\/besenyod.hu\/wp-content\/gallery\/kerekparut\/thumbs\/thumbs_kp-14.jpg\"\n               data-image-id=\"389\"\n               data-title=\"kp-14\"\n               data-description=\"\"\n               data-image-slug=\"kp-14\"\n               class='use_imagebrowser_effect' data-imagebrowser-url='http:\/\/besenyod.hu\/index.php\/nggallery\/image\/%STUB%?page_id=196'>\n                <img\n                    title=\"kp-14\"\n                    alt=\"kp-14\"\n                    src=\"http:\/\/besenyod.hu\/wp-content\/gallery\/kerekparut\/thumbs\/thumbs_kp-14.jpg\"\n                    width=\"100\"\n                    height=\"75\"\n                    style=\"max-width:100%;\"\n                \/>\n            <\/a>\n        <\/div>\n\t\t\t\t\t\t\t<\/div> \n\t\t\t\n        \n\t\t\t\t<div id=\"ngg-image-14\" class=\"ngg-gallery-thumbnail-box\" >\n\t\t\t\t        <div class=\"ngg-gallery-thumbnail\">\n            <a href=\"http:\/\/besenyod.hu\/wp-content\/gallery\/kerekparut\/kp-15.jpg\"\n               title=\"\"\n               data-src=\"http:\/\/besenyod.hu\/wp-content\/gallery\/kerekparut\/kp-15.jpg\"\n               data-thumbnail=\"http:\/\/besenyod.hu\/wp-content\/gallery\/kerekparut\/thumbs\/thumbs_kp-15.jpg\"\n               data-image-id=\"390\"\n               data-title=\"kp-15\"\n               data-description=\"\"\n               data-image-slug=\"kp-15\"\n               class='use_imagebrowser_effect' data-imagebrowser-url='http:\/\/besenyod.hu\/index.php\/nggallery\/image\/%STUB%?page_id=196'>\n                <img\n                    title=\"kp-15\"\n                    alt=\"kp-15\"\n                    src=\"http:\/\/besenyod.hu\/wp-content\/gallery\/kerekparut\/thumbs\/thumbs_kp-15.jpg\"\n                    width=\"100\"\n                    height=\"75\"\n                    style=\"max-width:100%;\"\n                \/>\n            <\/a>\n        <\/div>\n\t\t\t\t\t\t\t<\/div> \n\t\t\t\n        \n\t\t\t\t<div id=\"ngg-image-15\" class=\"ngg-gallery-thumbnail-box\" >\n\t\t\t\t        <div class=\"ngg-gallery-thumbnail\">\n            <a href=\"http:\/\/besenyod.hu\/wp-content\/gallery\/kerekparut\/kp-16.jpg\"\n               title=\"\"\n               data-src=\"http:\/\/besenyod.hu\/wp-content\/gallery\/kerekparut\/kp-16.jpg\"\n               data-thumbnail=\"http:\/\/besenyod.hu\/wp-content\/gallery\/kerekparut\/thumbs\/thumbs_kp-16.jpg\"\n               data-image-id=\"391\"\n               data-title=\"kp-16\"\n               data-description=\"\"\n               data-image-slug=\"kp-16\"\n               class='use_imagebrowser_effect' data-imagebrowser-url='http:\/\/besenyod.hu\/index.php\/nggallery\/image\/%STUB%?page_id=196'>\n                <img\n                    title=\"kp-16\"\n                    alt=\"kp-16\"\n                    src=\"http:\/\/besenyod.hu\/wp-content\/gallery\/kerekparut\/thumbs\/thumbs_kp-16.jpg\"\n                    width=\"100\"\n                    height=\"75\"\n                    style=\"max-width:100%;\"\n                \/>\n            <\/a>\n        <\/div>\n\t\t\t\t\t\t\t<\/div> \n\t\t\t\n        \n\t\t\t\t<div id=\"ngg-image-16\" class=\"ngg-gallery-thumbnail-box\" >\n\t\t\t\t        <div class=\"ngg-gallery-thumbnail\">\n            <a href=\"http:\/\/besenyod.hu\/wp-content\/gallery\/kerekparut\/kp-17.jpg\"\n               title=\"\"\n               data-src=\"http:\/\/besenyod.hu\/wp-content\/gallery\/kerekparut\/kp-17.jpg\"\n               data-thumbnail=\"http:\/\/besenyod.hu\/wp-content\/gallery\/kerekparut\/thumbs\/thumbs_kp-17.jpg\"\n               data-image-id=\"392\"\n               data-title=\"kp-17\"\n               data-description=\"\"\n               data-image-slug=\"kp-17\"\n               class='use_imagebrowser_effect' data-imagebrowser-url='http:\/\/besenyod.hu\/index.php\/nggallery\/image\/%STUB%?page_id=196'>\n                <img\n                    title=\"kp-17\"\n                    alt=\"kp-17\"\n                    src=\"http:\/\/besenyod.hu\/wp-content\/gallery\/kerekparut\/thumbs\/thumbs_kp-17.jpg\"\n                    width=\"100\"\n                    height=\"75\"\n                    style=\"max-width:100%;\"\n                \/>\n            <\/a>\n        <\/div>\n\t\t\t\t\t\t\t<\/div> \n\t\t\t\n        \n\t\t\n\t\t<div class=\"ngg-clear\"><\/div>\n\t<\/div>\n\n","protected":false},"excerpt":{"rendered":"<p>Beseny\u0151d, Levelek&#8211;\u00a0Az eredm\u00e9ny meg\u00e9rte a sok kellemetlens\u00e9get, hiszen m\u00e1s \u2013 m\u00e9gpedig szebb \u00e9s rendezettebb \u2013 lett Levelek \u00e9s Beseny\u0151d arculata. St\u00edlszer\u0171en k\u00e9t ker\u00e9kp\u00e1rra k\u00f6t\u00f6tt\u00e9k azt a nemzeti sz\u00edn\u0171 szalagot, amelynek \u00e1tv\u00e1g\u00e1sa j\u00fanius 30-\u00e1n, szombaton azt jelentette Leveleken \u00e9s Beseny\u0151d\u00f6n, hogy &hellip; <a href=\"http:\/\/besenyod.hu\/?page_id=196\">Egy kattint\u00e1s ide a folytat\u00e1shoz&#8230;. <span class=\"meta-nav\">&rarr;<\/span><\/a><\/p>\n","protected":false},"author":1,"featured_media":0,"parent":38,"menu_order":0,"comment_status":"open","ping_status":"open","template":"","meta":{"ngg_post_thumbnail":0},"_links":{"self":[{"href":"http:\/\/besenyod.hu\/index.php?rest_route=\/wp\/v2\/pages\/196"}],"collection":[{"href":"http:\/\/besenyod.hu\/index.php?rest_route=\/wp\/v2\/pages"}],"about":[{"href":"http:\/\/besenyod.hu\/index.php?rest_route=\/wp\/v2\/types\/page"}],"author":[{"embeddable":true,"href":"http:\/\/besenyod.hu\/index.php?rest_route=\/wp\/v2\/users\/1"}],"replies":[{"embeddable":true,"href":"http:\/\/besenyod.hu\/index.php?rest_route=%2Fwp%2Fv2%2Fcomments&post=196"}],"version-history":[{"count":7,"href":"http:\/\/besenyod.hu\/index.php?rest_route=\/wp\/v2\/pages\/196\/revisions"}],"predecessor-version":[{"id":198,"href":"http:\/\/besenyod.hu\/index.php?rest_route=\/wp\/v2\/pages\/196\/revisions\/198"}],"up":[{"embeddable":true,"href":"http:\/\/besenyod.hu\/index.php?rest_route=\/wp\/v2\/pages\/38"}],"wp:attachment":[{"href":"http:\/\/besenyod.hu\/index.php?rest_route=%2Fwp%2Fv2%2Fmedia&parent=196"}],"curies":[{"name":"wp","href":"https:\/\/api.w.org\/{rel}","templated":true}]}}