{"id":18,"date":"2012-05-15T16:24:00","date_gmt":"2012-05-15T16:24:00","guid":{"rendered":"http:\/\/besenyod.hu\/?page_id=18"},"modified":"2013-07-10T11:02:59","modified_gmt":"2013-07-10T11:02:59","slug":"gallery","status":"publish","type":"page","link":"http:\/\/besenyod.hu\/?page_id=18","title":{"rendered":"Gal\u00e9ria"},"content":{"rendered":"<p style=\"text-align: center;\"><strong><a title=\"\u00d6nkorm\u00e1nyzati k\u00e9pek.\" href=\"http:\/\/besenyod.hu\/?page_id=73\">\u00d6nkorm\u00e1nyzati K\u00e9pek<\/a><\/strong><\/p>\n<p style=\"text-align: center;\"><strong><\/strong><a title=\"Iskolai k\u00e9pt\u00e1r\" href=\"http:\/\/besenyod.hu\/?page_id=60\"><strong>Iskolai k\u00e9pt\u00e1r<\/strong><\/a><\/p>\n<p style=\"text-align: center;\"><a style=\"text-align: center;\" title=\"\u00d3vodai k\u00e9pt\u00e1r\" href=\"http:\/\/besenyod.hu\/?page_id=58\"><strong>\u00d3vodai k\u00e9pt\u00e1r<\/strong><\/a><\/p>\n<p style=\"text-align: center;\"><strong><a title=\"Reform\u00e1tus Egyh\u00e1z\" href=\"http:\/\/besenyod.hu\/?page_id=135\">Reform\u00e1tus Egyh\u00e1z<\/a><\/strong><\/p>\n<p style=\"text-align: center;\"><strong><a title=\"Orosvi rendel\u0151\" href=\" http:\/\/besenyod.hu\/?page_id=464\">Eg\u00e9szs\u00e9gh\u00e1z<\/a><\/strong><\/p>\n<p style=\"text-align: center;\"><a title=\"Csillagh\u00e1z\" href=\"http:\/\/besenyod.hu\/?page_id=467\"><strong>Csillagh\u00e1z<\/strong><\/a><\/p>\n<p style=\"text-align: center;\">\n","protected":false},"excerpt":{"rendered":"<p>\u00d6nkorm\u00e1nyzati K\u00e9pek Iskolai k\u00e9pt\u00e1r \u00d3vodai k\u00e9pt\u00e1r Reform\u00e1tus Egyh\u00e1z Eg\u00e9szs\u00e9gh\u00e1z Csillagh\u00e1z<\/p>\n","protected":false},"author":1,"featured_media":0,"parent":0,"menu_order":6,"comment_status":"open","ping_status":"closed","template":"","meta":{"ngg_post_thumbnail":0},"_links":{"self":[{"href":"http:\/\/besenyod.hu\/index.php?rest_route=\/wp\/v2\/pages\/18"}],"collection":[{"href":"http:\/\/besenyod.hu\/index.php?rest_route=\/wp\/v2\/pages"}],"about":[{"href":"http:\/\/besenyod.hu\/index.php?rest_route=\/wp\/v2\/types\/page"}],"author":[{"embeddable":true,"href":"http:\/\/besenyod.hu\/index.php?rest_route=\/wp\/v2\/users\/1"}],"replies":[{"embeddable":true,"href":"http:\/\/besenyod.hu\/index.php?rest_route=%2Fwp%2Fv2%2Fcomments&post=18"}],"version-history":[{"count":26,"href":"http:\/\/besenyod.hu\/index.php?rest_route=\/wp\/v2\/pages\/18\/revisions"}],"predecessor-version":[{"id":183,"href":"http:\/\/besenyod.hu\/index.php?rest_route=\/wp\/v2\/pages\/18\/revisions\/183"}],"wp:attachment":[{"href":"http:\/\/besenyod.hu\/index.php?rest_route=%2Fwp%2Fv2%2Fmedia&parent=18"}],"curies":[{"name":"wp","href":"https:\/\/api.w.org\/{rel}","templated":true}]}}