{"id":135,"date":"2012-06-14T08:52:39","date_gmt":"2012-06-14T08:52:39","guid":{"rendered":"http:\/\/besenyod.hu\/?page_id=135"},"modified":"2012-10-18T08:01:38","modified_gmt":"2012-10-18T08:01:38","slug":"reformatus-egyhaz","status":"publish","type":"page","link":"http:\/\/besenyod.hu\/?page_id=135","title":{"rendered":"Reform\u00e1tus Egyh\u00e1z"},"content":{"rendered":"<h4 style=\"text-align: center;\"><a title=\"Zen\u00e9s \u00e1hitat\" href=\"http:\/\/besenyod.hu\/?page_id=169\">Zen\u00e9s \u00e1h\u00edtat\u00a02012.06.17.<\/a><\/h4>\n<h4 style=\"text-align: center;\"><a title=\"Ifj\u00fas\u00e1gi T\u00e1boroz\u00e1s\" href=\"http:\/\/besenyod.hu\/?page_id=205\">Ifj\u00fas\u00e1gi T\u00e1bor 2012. J\u00falius 9-12<\/a><\/h4>\n<h4 style=\"text-align: center;\"><a title=\"K\u00fcl\u00f6nleges k\u00fcldet\u00e9s 2012. Gyerekh\u00e9t\" href=\"http:\/\/besenyod.hu\/?page_id=232\">2012. Gyerekh\u00e9t &#8222;K\u00fcl\u00f6nleges k\u00fcldet\u00e9s&#8221;<\/a><\/h4>\n<h4 style=\"text-align: center;\"><a title=\"Reform\u00e1tus Lelk\u00e9sz Beiktat\u00e1sa.\" href=\"http:\/\/besenyod.hu\/?page_id=283\">Reform\u00e1tus Lelk\u00e9sz Beiktat\u00e1sa 2012.10.07.<\/a><\/h4>\n<p>&nbsp;<\/p>\n","protected":false},"excerpt":{"rendered":"<p>Zen\u00e9s \u00e1h\u00edtat\u00a02012.06.17. Ifj\u00fas\u00e1gi T\u00e1bor 2012. J\u00falius 9-12 2012. Gyerekh\u00e9t &#8222;K\u00fcl\u00f6nleges k\u00fcldet\u00e9s&#8221; Reform\u00e1tus Lelk\u00e9sz Beiktat\u00e1sa 2012.10.07. &nbsp;<\/p>\n","protected":false},"author":1,"featured_media":0,"parent":18,"menu_order":4,"comment_status":"open","ping_status":"open","template":"","meta":{"ngg_post_thumbnail":0},"_links":{"self":[{"href":"http:\/\/besenyod.hu\/index.php?rest_route=\/wp\/v2\/pages\/135"}],"collection":[{"href":"http:\/\/besenyod.hu\/index.php?rest_route=\/wp\/v2\/pages"}],"about":[{"href":"http:\/\/besenyod.hu\/index.php?rest_route=\/wp\/v2\/types\/page"}],"author":[{"embeddable":true,"href":"http:\/\/besenyod.hu\/index.php?rest_route=\/wp\/v2\/users\/1"}],"replies":[{"embeddable":true,"href":"http:\/\/besenyod.hu\/index.php?rest_route=%2Fwp%2Fv2%2Fcomments&post=135"}],"version-history":[{"count":12,"href":"http:\/\/besenyod.hu\/index.php?rest_route=\/wp\/v2\/pages\/135\/revisions"}],"predecessor-version":[{"id":213,"href":"http:\/\/besenyod.hu\/index.php?rest_route=\/wp\/v2\/pages\/135\/revisions\/213"}],"up":[{"embeddable":true,"href":"http:\/\/besenyod.hu\/index.php?rest_route=\/wp\/v2\/pages\/18"}],"wp:attachment":[{"href":"http:\/\/besenyod.hu\/index.php?rest_route=%2Fwp%2Fv2%2Fmedia&parent=135"}],"curies":[{"name":"wp","href":"https:\/\/api.w.org\/{rel}","templated":true}]}}