{"id":1315,"date":"2026-02-23T13:34:47","date_gmt":"2026-02-23T13:34:47","guid":{"rendered":"http:\/\/besenyod.hu\/?page_id=1315"},"modified":"2026-02-23T13:34:47","modified_gmt":"2026-02-23T13:34:47","slug":"demenciaval-elok-es-csaladjaik-helyzetet-vizsgalo-felmeres","status":"publish","type":"page","link":"http:\/\/besenyod.hu\/?page_id=1315","title":{"rendered":"Demenci\u00e1val \u00e9l\u0151k \u00e9s csal\u00e1djaik helyzet\u00e9t vizsg\u00e1l\u00f3 felm\u00e9r\u00e9s"},"content":{"rendered":"\n<figure class=\"wp-block-image size-full\"><a href=\"http:\/\/besenyod.hu\/wp-content\/uploads\/2026\/02\/Lakossagi-demencia-felmerese-Plakat.jpg\"><img decoding=\"async\" loading=\"lazy\" width=\"657\" height=\"929\" src=\"http:\/\/besenyod.hu\/wp-content\/uploads\/2026\/02\/Lakossagi-demencia-felmerese-Plakat.jpg\" alt=\"\" class=\"wp-image-1316\" srcset=\"http:\/\/besenyod.hu\/wp-content\/uploads\/2026\/02\/Lakossagi-demencia-felmerese-Plakat.jpg 657w, http:\/\/besenyod.hu\/wp-content\/uploads\/2026\/02\/Lakossagi-demencia-felmerese-Plakat-212x300.jpg 212w\" sizes=\"(max-width: 657px) 100vw, 657px\" \/><\/a><\/figure>\n\n\n\n<figure class=\"wp-block-image size-full\"><a href=\"http:\/\/besenyod.hu\/wp-content\/uploads\/2026\/02\/Lakossagi-demencia-felmeres-1.jpg\"><img decoding=\"async\" loading=\"lazy\" width=\"755\" height=\"929\" src=\"http:\/\/besenyod.hu\/wp-content\/uploads\/2026\/02\/Lakossagi-demencia-felmeres-1.jpg\" alt=\"\" class=\"wp-image-1317\" srcset=\"http:\/\/besenyod.hu\/wp-content\/uploads\/2026\/02\/Lakossagi-demencia-felmeres-1.jpg 755w, http:\/\/besenyod.hu\/wp-content\/uploads\/2026\/02\/Lakossagi-demencia-felmeres-1-244x300.jpg 244w\" sizes=\"(max-width: 755px) 100vw, 755px\" \/><\/a><\/figure>\n","protected":false},"excerpt":{"rendered":"","protected":false},"author":1,"featured_media":0,"parent":9,"menu_order":0,"comment_status":"closed","ping_status":"closed","template":"","meta":{"ngg_post_thumbnail":0},"_links":{"self":[{"href":"http:\/\/besenyod.hu\/index.php?rest_route=\/wp\/v2\/pages\/1315"}],"collection":[{"href":"http:\/\/besenyod.hu\/index.php?rest_route=\/wp\/v2\/pages"}],"about":[{"href":"http:\/\/besenyod.hu\/index.php?rest_route=\/wp\/v2\/types\/page"}],"author":[{"embeddable":true,"href":"http:\/\/besenyod.hu\/index.php?rest_route=\/wp\/v2\/users\/1"}],"replies":[{"embeddable":true,"href":"http:\/\/besenyod.hu\/index.php?rest_route=%2Fwp%2Fv2%2Fcomments&post=1315"}],"version-history":[{"count":1,"href":"http:\/\/besenyod.hu\/index.php?rest_route=\/wp\/v2\/pages\/1315\/revisions"}],"predecessor-version":[{"id":1318,"href":"http:\/\/besenyod.hu\/index.php?rest_route=\/wp\/v2\/pages\/1315\/revisions\/1318"}],"up":[{"embeddable":true,"href":"http:\/\/besenyod.hu\/index.php?rest_route=\/wp\/v2\/pages\/9"}],"wp:attachment":[{"href":"http:\/\/besenyod.hu\/index.php?rest_route=%2Fwp%2Fv2%2Fmedia&parent=1315"}],"curies":[{"name":"wp","href":"https:\/\/api.w.org\/{rel}","templated":true}]}}