{"id":1306,"date":"2025-11-21T12:32:07","date_gmt":"2025-11-21T12:32:07","guid":{"rendered":"http:\/\/besenyod.hu\/?page_id=1306"},"modified":"2025-11-24T16:27:34","modified_gmt":"2025-11-24T16:27:34","slug":"vjp_sajtokozlemeny_besenyod_kamerarendszer","status":"publish","type":"page","link":"http:\/\/besenyod.hu\/?page_id=1306","title":{"rendered":"VJP Sajt\u00f3k\u00f6zlem\u00e9ny Beseny\u0151d kamerarendszer"},"content":{"rendered":"\n<figure class=\"wp-block-image size-full\"><a href=\"http:\/\/besenyod.hu\/wp-content\/uploads\/2025\/11\/VJP_sajtokozlemeny_Besenyod-kamerarendszer.jpg\"><img decoding=\"async\" loading=\"lazy\" width=\"671\" height=\"949\" src=\"http:\/\/besenyod.hu\/wp-content\/uploads\/2025\/11\/VJP_sajtokozlemeny_Besenyod-kamerarendszer.jpg\" alt=\"\" class=\"wp-image-1310\" srcset=\"http:\/\/besenyod.hu\/wp-content\/uploads\/2025\/11\/VJP_sajtokozlemeny_Besenyod-kamerarendszer.jpg 671w, http:\/\/besenyod.hu\/wp-content\/uploads\/2025\/11\/VJP_sajtokozlemeny_Besenyod-kamerarendszer-212x300.jpg 212w\" sizes=\"(max-width: 671px) 100vw, 671px\" \/><\/a><\/figure>\n","protected":false},"excerpt":{"rendered":"","protected":false},"author":1,"featured_media":0,"parent":9,"menu_order":1,"comment_status":"closed","ping_status":"closed","template":"","meta":{"ngg_post_thumbnail":0},"_links":{"self":[{"href":"http:\/\/besenyod.hu\/index.php?rest_route=\/wp\/v2\/pages\/1306"}],"collection":[{"href":"http:\/\/besenyod.hu\/index.php?rest_route=\/wp\/v2\/pages"}],"about":[{"href":"http:\/\/besenyod.hu\/index.php?rest_route=\/wp\/v2\/types\/page"}],"author":[{"embeddable":true,"href":"http:\/\/besenyod.hu\/index.php?rest_route=\/wp\/v2\/users\/1"}],"replies":[{"embeddable":true,"href":"http:\/\/besenyod.hu\/index.php?rest_route=%2Fwp%2Fv2%2Fcomments&post=1306"}],"version-history":[{"count":3,"href":"http:\/\/besenyod.hu\/index.php?rest_route=\/wp\/v2\/pages\/1306\/revisions"}],"predecessor-version":[{"id":1313,"href":"http:\/\/besenyod.hu\/index.php?rest_route=\/wp\/v2\/pages\/1306\/revisions\/1313"}],"up":[{"embeddable":true,"href":"http:\/\/besenyod.hu\/index.php?rest_route=\/wp\/v2\/pages\/9"}],"wp:attachment":[{"href":"http:\/\/besenyod.hu\/index.php?rest_route=%2Fwp%2Fv2%2Fmedia&parent=1306"}],"curies":[{"name":"wp","href":"https:\/\/api.w.org\/{rel}","templated":true}]}}