{"id":1284,"date":"2025-10-03T08:32:44","date_gmt":"2025-10-03T08:32:44","guid":{"rendered":"http:\/\/besenyod.hu\/?page_id=1284"},"modified":"2025-10-03T08:44:41","modified_gmt":"2025-10-03T08:44:41","slug":"tamogatoi-okirat-ut-hid-jarda-kerekparforgalmi-letesitmeny-epitese-felujitasa-2024-cimu-mfp-uhj-2024","status":"publish","type":"page","link":"http:\/\/besenyod.hu\/?page_id=1284","title":{"rendered":"T\u00c1MOGAT\u00d3I OKIRAT &#8211; \u00dat, h\u00edd, j\u00e1rda, ker\u00e9kp\u00e1rforgalmi l\u00e9tes\u00edtm\u00e9ny \u00e9p\u00edt\u00e9se\/fel\u00faj\u00edt\u00e1sa-2024 c\u00edm\u0171, MFP-UHJ\/2024."},"content":{"rendered":"\n<div class=\"wp-block-file\"><object class=\"wp-block-file__embed\" data=\"http:\/\/besenyod.hu\/wp-content\/uploads\/2025\/10\/Tamogatoi-okirat-Elektronikus_irat_3959871172.pdf\" type=\"application\/pdf\" style=\"width:100%;height:600px\" aria-label=\"Tamogatoi-okirat-Elektronikus_irat_3959871172 be\u00e1gyaz\u00e1sa\"><\/object><a id=\"wp-block-file--media-42fd0f25-c32d-49f4-8cc9-78a5f2a10c8a\" href=\"http:\/\/besenyod.hu\/wp-content\/uploads\/2025\/10\/Tamogatoi-okirat-Elektronikus_irat_3959871172.pdf\">Tamogatoi-okirat-Elektronikus_irat_3959871172<\/a><a href=\"http:\/\/besenyod.hu\/wp-content\/uploads\/2025\/10\/Tamogatoi-okirat-Elektronikus_irat_3959871172.pdf\" class=\"wp-block-file__button wp-element-button\" download aria-describedby=\"wp-block-file--media-42fd0f25-c32d-49f4-8cc9-78a5f2a10c8a\">Let\u00f6lt\u00e9s<\/a><\/div>\n\n\n\n<figure class=\"wp-block-image size-full\"><a href=\"http:\/\/besenyod.hu\/wp-content\/uploads\/2025\/10\/tamogatoi-tabla-foto-1-1.jpg\"><img decoding=\"async\" loading=\"lazy\" width=\"828\" height=\"917\" src=\"http:\/\/besenyod.hu\/wp-content\/uploads\/2025\/10\/tamogatoi-tabla-foto-1-1.jpg\" alt=\"\" class=\"wp-image-1303\" srcset=\"http:\/\/besenyod.hu\/wp-content\/uploads\/2025\/10\/tamogatoi-tabla-foto-1-1.jpg 828w, http:\/\/besenyod.hu\/wp-content\/uploads\/2025\/10\/tamogatoi-tabla-foto-1-1-271x300.jpg 271w, http:\/\/besenyod.hu\/wp-content\/uploads\/2025\/10\/tamogatoi-tabla-foto-1-1-768x851.jpg 768w\" sizes=\"(max-width: 828px) 100vw, 828px\" \/><\/a><\/figure>\n\n\n\n<figure class=\"wp-block-gallery has-nested-images columns-default is-cropped wp-block-gallery-1 is-layout-flex\">\n<figure class=\"wp-block-image size-large\"><a href=\"http:\/\/besenyod.hu\/wp-content\/uploads\/2025\/10\/jarda-foto-1-1.jpg\"><img decoding=\"async\" loading=\"lazy\" width=\"1024\" height=\"768\" data-id=\"1296\"  src=\"http:\/\/besenyod.hu\/wp-content\/uploads\/2025\/10\/jarda-foto-1-1-1024x768.jpg\" alt=\"\" class=\"wp-image-1296\" srcset=\"http:\/\/besenyod.hu\/wp-content\/uploads\/2025\/10\/jarda-foto-1-1-1024x768.jpg 1024w, http:\/\/besenyod.hu\/wp-content\/uploads\/2025\/10\/jarda-foto-1-1-300x225.jpg 300w, http:\/\/besenyod.hu\/wp-content\/uploads\/2025\/10\/jarda-foto-1-1-768x576.jpg 768w, http:\/\/besenyod.hu\/wp-content\/uploads\/2025\/10\/jarda-foto-1-1-400x300.jpg 400w, http:\/\/besenyod.hu\/wp-content\/uploads\/2025\/10\/jarda-foto-1-1.jpg 1230w\" sizes=\"(max-width: 1024px) 100vw, 1024px\" \/><\/a><\/figure>\n<\/figure>\n\n\n\n<figure class=\"wp-block-image size-large\"><a href=\"http:\/\/besenyod.hu\/wp-content\/uploads\/2025\/10\/jarda-foto-2-3.jpg\"><img decoding=\"async\" loading=\"lazy\" width=\"1024\" height=\"768\" src=\"http:\/\/besenyod.hu\/wp-content\/uploads\/2025\/10\/jarda-foto-2-3-1024x768.jpg\" alt=\"\" class=\"wp-image-1298\" srcset=\"http:\/\/besenyod.hu\/wp-content\/uploads\/2025\/10\/jarda-foto-2-3-1024x768.jpg 1024w, http:\/\/besenyod.hu\/wp-content\/uploads\/2025\/10\/jarda-foto-2-3-300x225.jpg 300w, http:\/\/besenyod.hu\/wp-content\/uploads\/2025\/10\/jarda-foto-2-3-768x576.jpg 768w, http:\/\/besenyod.hu\/wp-content\/uploads\/2025\/10\/jarda-foto-2-3-400x300.jpg 400w, http:\/\/besenyod.hu\/wp-content\/uploads\/2025\/10\/jarda-foto-2-3.jpg 1230w\" sizes=\"(max-width: 1024px) 100vw, 1024px\" \/><\/a><\/figure>\n\n\n\n<figure class=\"wp-block-image size-large\"><a href=\"http:\/\/besenyod.hu\/wp-content\/uploads\/2025\/10\/jarda-foto-3-1.jpg\"><img decoding=\"async\" loading=\"lazy\" width=\"1024\" height=\"768\" src=\"http:\/\/besenyod.hu\/wp-content\/uploads\/2025\/10\/jarda-foto-3-1-1024x768.jpg\" alt=\"\" class=\"wp-image-1299\" srcset=\"http:\/\/besenyod.hu\/wp-content\/uploads\/2025\/10\/jarda-foto-3-1-1024x768.jpg 1024w, http:\/\/besenyod.hu\/wp-content\/uploads\/2025\/10\/jarda-foto-3-1-300x225.jpg 300w, http:\/\/besenyod.hu\/wp-content\/uploads\/2025\/10\/jarda-foto-3-1-768x576.jpg 768w, http:\/\/besenyod.hu\/wp-content\/uploads\/2025\/10\/jarda-foto-3-1-400x300.jpg 400w, http:\/\/besenyod.hu\/wp-content\/uploads\/2025\/10\/jarda-foto-3-1.jpg 1230w\" sizes=\"(max-width: 1024px) 100vw, 1024px\" \/><\/a><\/figure>\n\n\n\n<figure class=\"wp-block-image size-large\"><a href=\"http:\/\/besenyod.hu\/wp-content\/uploads\/2025\/10\/jarda-foto-4-1.jpg\"><img decoding=\"async\" loading=\"lazy\" width=\"1024\" height=\"768\" src=\"http:\/\/besenyod.hu\/wp-content\/uploads\/2025\/10\/jarda-foto-4-1-1024x768.jpg\" alt=\"\" class=\"wp-image-1300\" srcset=\"http:\/\/besenyod.hu\/wp-content\/uploads\/2025\/10\/jarda-foto-4-1-1024x768.jpg 1024w, http:\/\/besenyod.hu\/wp-content\/uploads\/2025\/10\/jarda-foto-4-1-300x225.jpg 300w, http:\/\/besenyod.hu\/wp-content\/uploads\/2025\/10\/jarda-foto-4-1-768x576.jpg 768w, http:\/\/besenyod.hu\/wp-content\/uploads\/2025\/10\/jarda-foto-4-1-400x300.jpg 400w, http:\/\/besenyod.hu\/wp-content\/uploads\/2025\/10\/jarda-foto-4-1.jpg 1230w\" sizes=\"(max-width: 1024px) 100vw, 1024px\" \/><\/a><\/figure>\n\n\n\n<figure class=\"wp-block-image size-large\"><a href=\"http:\/\/besenyod.hu\/wp-content\/uploads\/2025\/10\/jarda-foto-5-1.jpg\"><img decoding=\"async\" loading=\"lazy\" width=\"1024\" height=\"768\" src=\"http:\/\/besenyod.hu\/wp-content\/uploads\/2025\/10\/jarda-foto-5-1-1024x768.jpg\" alt=\"\" class=\"wp-image-1301\" srcset=\"http:\/\/besenyod.hu\/wp-content\/uploads\/2025\/10\/jarda-foto-5-1-1024x768.jpg 1024w, http:\/\/besenyod.hu\/wp-content\/uploads\/2025\/10\/jarda-foto-5-1-300x225.jpg 300w, http:\/\/besenyod.hu\/wp-content\/uploads\/2025\/10\/jarda-foto-5-1-768x576.jpg 768w, http:\/\/besenyod.hu\/wp-content\/uploads\/2025\/10\/jarda-foto-5-1-400x300.jpg 400w, http:\/\/besenyod.hu\/wp-content\/uploads\/2025\/10\/jarda-foto-5-1.jpg 1230w\" sizes=\"(max-width: 1024px) 100vw, 1024px\" \/><\/a><\/figure>\n\n\n\n<figure class=\"wp-block-image size-large\"><a href=\"http:\/\/besenyod.hu\/wp-content\/uploads\/2025\/10\/jarda-foto-6-1.jpg\"><img decoding=\"async\" loading=\"lazy\" width=\"1024\" height=\"768\" src=\"http:\/\/besenyod.hu\/wp-content\/uploads\/2025\/10\/jarda-foto-6-1-1024x768.jpg\" alt=\"\" class=\"wp-image-1302\" srcset=\"http:\/\/besenyod.hu\/wp-content\/uploads\/2025\/10\/jarda-foto-6-1-1024x768.jpg 1024w, http:\/\/besenyod.hu\/wp-content\/uploads\/2025\/10\/jarda-foto-6-1-300x225.jpg 300w, http:\/\/besenyod.hu\/wp-content\/uploads\/2025\/10\/jarda-foto-6-1-768x576.jpg 768w, http:\/\/besenyod.hu\/wp-content\/uploads\/2025\/10\/jarda-foto-6-1-400x300.jpg 400w, http:\/\/besenyod.hu\/wp-content\/uploads\/2025\/10\/jarda-foto-6-1.jpg 1230w\" sizes=\"(max-width: 1024px) 100vw, 1024px\" \/><\/a><\/figure>\n","protected":false},"excerpt":{"rendered":"","protected":false},"author":1,"featured_media":0,"parent":9,"menu_order":1,"comment_status":"closed","ping_status":"closed","template":"","meta":{"ngg_post_thumbnail":0},"_links":{"self":[{"href":"http:\/\/besenyod.hu\/index.php?rest_route=\/wp\/v2\/pages\/1284"}],"collection":[{"href":"http:\/\/besenyod.hu\/index.php?rest_route=\/wp\/v2\/pages"}],"about":[{"href":"http:\/\/besenyod.hu\/index.php?rest_route=\/wp\/v2\/types\/page"}],"author":[{"embeddable":true,"href":"http:\/\/besenyod.hu\/index.php?rest_route=\/wp\/v2\/users\/1"}],"replies":[{"embeddable":true,"href":"http:\/\/besenyod.hu\/index.php?rest_route=%2Fwp%2Fv2%2Fcomments&post=1284"}],"version-history":[{"count":3,"href":"http:\/\/besenyod.hu\/index.php?rest_route=\/wp\/v2\/pages\/1284\/revisions"}],"predecessor-version":[{"id":1304,"href":"http:\/\/besenyod.hu\/index.php?rest_route=\/wp\/v2\/pages\/1284\/revisions\/1304"}],"up":[{"embeddable":true,"href":"http:\/\/besenyod.hu\/index.php?rest_route=\/wp\/v2\/pages\/9"}],"wp:attachment":[{"href":"http:\/\/besenyod.hu\/index.php?rest_route=%2Fwp%2Fv2%2Fmedia&parent=1284"}],"curies":[{"name":"wp","href":"https:\/\/api.w.org\/{rel}","templated":true}]}}