{"id":1279,"date":"2024-10-10T10:22:39","date_gmt":"2024-10-10T10:22:39","guid":{"rendered":"http:\/\/besenyod.hu\/?page_id=1279"},"modified":"2024-10-10T10:23:21","modified_gmt":"2024-10-10T10:23:21","slug":"bursa-osztondijpalyazat-2025-evre","status":"publish","type":"page","link":"http:\/\/besenyod.hu\/?page_id=1279","title":{"rendered":"Bursa \u00d6szt\u00f6nd\u00edjp\u00e1ly\u00e1zat \u2013 2025 \u00e9vre."},"content":{"rendered":"\n<div class=\"wp-block-file\"><object class=\"wp-block-file__embed\" data=\"http:\/\/besenyod.hu\/wp-content\/uploads\/2024\/10\/Bursa-Felhivas-2025-evre.pdf\" type=\"application\/pdf\" style=\"width:100%;height:600px\" aria-label=\"Bursa-Felhivas-2025-evre be\u00e1gyaz\u00e1sa\"><\/object><a id=\"wp-block-file--media-6308ee9d-53b0-4527-b24c-04c37206bcec\" href=\"http:\/\/besenyod.hu\/wp-content\/uploads\/2024\/10\/Bursa-Felhivas-2025-evre.pdf\">Bursa-Felhivas-2025-evre<\/a><a href=\"http:\/\/besenyod.hu\/wp-content\/uploads\/2024\/10\/Bursa-Felhivas-2025-evre.pdf\" class=\"wp-block-file__button wp-element-button\" download aria-describedby=\"wp-block-file--media-6308ee9d-53b0-4527-b24c-04c37206bcec\">Let\u00f6lt\u00e9s<\/a><\/div>\n","protected":false},"excerpt":{"rendered":"","protected":false},"author":1,"featured_media":0,"parent":9,"menu_order":0,"comment_status":"closed","ping_status":"closed","template":"","meta":{"ngg_post_thumbnail":0},"_links":{"self":[{"href":"http:\/\/besenyod.hu\/index.php?rest_route=\/wp\/v2\/pages\/1279"}],"collection":[{"href":"http:\/\/besenyod.hu\/index.php?rest_route=\/wp\/v2\/pages"}],"about":[{"href":"http:\/\/besenyod.hu\/index.php?rest_route=\/wp\/v2\/types\/page"}],"author":[{"embeddable":true,"href":"http:\/\/besenyod.hu\/index.php?rest_route=\/wp\/v2\/users\/1"}],"replies":[{"embeddable":true,"href":"http:\/\/besenyod.hu\/index.php?rest_route=%2Fwp%2Fv2%2Fcomments&post=1279"}],"version-history":[{"count":1,"href":"http:\/\/besenyod.hu\/index.php?rest_route=\/wp\/v2\/pages\/1279\/revisions"}],"predecessor-version":[{"id":1282,"href":"http:\/\/besenyod.hu\/index.php?rest_route=\/wp\/v2\/pages\/1279\/revisions\/1282"}],"up":[{"embeddable":true,"href":"http:\/\/besenyod.hu\/index.php?rest_route=\/wp\/v2\/pages\/9"}],"wp:attachment":[{"href":"http:\/\/besenyod.hu\/index.php?rest_route=%2Fwp%2Fv2%2Fmedia&parent=1279"}],"curies":[{"name":"wp","href":"https:\/\/api.w.org\/{rel}","templated":true}]}}