{"id":1275,"date":"2024-06-14T09:48:52","date_gmt":"2024-06-14T09:48:52","guid":{"rendered":"http:\/\/besenyod.hu\/?page_id=1275"},"modified":"2024-06-14T09:48:52","modified_gmt":"2024-06-14T09:48:52","slug":"hirdetmeny-nyari-szunidei-etkeztetes-2024_besenyod","status":"publish","type":"page","link":"http:\/\/besenyod.hu\/?page_id=1275","title":{"rendered":"HIRDETM\u00c9NY ny\u00e1ri sz\u00fcnidei \u00e9tkeztet\u00e9s 2024_Beseny\u0151d"},"content":{"rendered":"\n<div class=\"wp-block-file\"><object class=\"wp-block-file__embed\" data=\"http:\/\/besenyod.hu\/wp-content\/uploads\/2024\/06\/HIRDETMENY-nyari-szunidei-etkeztetes-2024_Besenyod-docx.pdf\" type=\"application\/pdf\" style=\"width:100%;height:600px\" aria-label=\"HIRDETMENY-nyari-szunidei-etkeztetes-2024_Besenyod-docx be\u00e1gyaz\u00e1sa\"><\/object><a id=\"wp-block-file--media-69f99544-7ad4-4108-bb23-c87ae731357e\" href=\"http:\/\/besenyod.hu\/wp-content\/uploads\/2024\/06\/HIRDETMENY-nyari-szunidei-etkeztetes-2024_Besenyod-docx.pdf\">HIRDETMENY-nyari-szunidei-etkeztetes-2024_Besenyod-docx<\/a><a href=\"http:\/\/besenyod.hu\/wp-content\/uploads\/2024\/06\/HIRDETMENY-nyari-szunidei-etkeztetes-2024_Besenyod-docx.pdf\" class=\"wp-block-file__button wp-element-button\" download aria-describedby=\"wp-block-file--media-69f99544-7ad4-4108-bb23-c87ae731357e\">Let\u00f6lt\u00e9s<\/a><\/div>\n","protected":false},"excerpt":{"rendered":"","protected":false},"author":1,"featured_media":0,"parent":9,"menu_order":1,"comment_status":"closed","ping_status":"closed","template":"","meta":{"ngg_post_thumbnail":0},"_links":{"self":[{"href":"http:\/\/besenyod.hu\/index.php?rest_route=\/wp\/v2\/pages\/1275"}],"collection":[{"href":"http:\/\/besenyod.hu\/index.php?rest_route=\/wp\/v2\/pages"}],"about":[{"href":"http:\/\/besenyod.hu\/index.php?rest_route=\/wp\/v2\/types\/page"}],"author":[{"embeddable":true,"href":"http:\/\/besenyod.hu\/index.php?rest_route=\/wp\/v2\/users\/1"}],"replies":[{"embeddable":true,"href":"http:\/\/besenyod.hu\/index.php?rest_route=%2Fwp%2Fv2%2Fcomments&post=1275"}],"version-history":[{"count":1,"href":"http:\/\/besenyod.hu\/index.php?rest_route=\/wp\/v2\/pages\/1275\/revisions"}],"predecessor-version":[{"id":1277,"href":"http:\/\/besenyod.hu\/index.php?rest_route=\/wp\/v2\/pages\/1275\/revisions\/1277"}],"up":[{"embeddable":true,"href":"http:\/\/besenyod.hu\/index.php?rest_route=\/wp\/v2\/pages\/9"}],"wp:attachment":[{"href":"http:\/\/besenyod.hu\/index.php?rest_route=%2Fwp%2Fv2%2Fmedia&parent=1275"}],"curies":[{"name":"wp","href":"https:\/\/api.w.org\/{rel}","templated":true}]}}