{"id":1250,"date":"2024-04-04T12:00:18","date_gmt":"2024-04-04T12:00:18","guid":{"rendered":"http:\/\/besenyod.hu\/?page_id=1250"},"modified":"2024-04-04T12:16:32","modified_gmt":"2024-04-04T12:16:32","slug":"a-leveleki-helyi-valasztasi-iroda-vezetojenek-kozlemenye-2024","status":"publish","type":"page","link":"http:\/\/besenyod.hu\/?page_id=1250","title":{"rendered":"A Leveleki Helyi V\u00e1laszt\u00e1si Iroda Vezet\u0151j\u00e9nek k\u00f6zlem\u00e9nye 2024"},"content":{"rendered":"\n<div class=\"wp-block-file\"><a href=\"blob:http:\/\/besenyod.hu\/b6a7cbe2-828b-4485-9c77-56ab17af8c1f\" class=\"wp-block-file__button wp-element-button\" download>Let\u00f6lt\u00e9s<\/a><\/div>\n\n\n\n<div class=\"wp-block-file\"><object class=\"wp-block-file__embed\" data=\"http:\/\/besenyod.hu\/wp-content\/uploads\/2024\/04\/Kozlemeny-ajanlasok-szamarol-Beseny_d.pdf\" type=\"application\/pdf\" style=\"width:100%;height:600px\" aria-label=\"Kozlemeny-ajanlasok-szamarol-Beseny_d be\u00e1gyaz\u00e1sa\"><\/object><a id=\"wp-block-file--media-905b47ce-c746-4892-9e35-297da002e059\" href=\"http:\/\/besenyod.hu\/wp-content\/uploads\/2024\/04\/Kozlemeny-ajanlasok-szamarol-Beseny_d.pdf\">Kozlemeny-ajanlasok-szamarol-Beseny_d<\/a><a href=\"http:\/\/besenyod.hu\/wp-content\/uploads\/2024\/04\/Kozlemeny-ajanlasok-szamarol-Beseny_d.pdf\" class=\"wp-block-file__button wp-element-button\" download aria-describedby=\"wp-block-file--media-905b47ce-c746-4892-9e35-297da002e059\">Let\u00f6lt\u00e9s<\/a><\/div>\n\n\n","protected":false},"excerpt":{"rendered":"","protected":false},"author":1,"featured_media":0,"parent":9,"menu_order":1,"comment_status":"closed","ping_status":"closed","template":"","meta":{"ngg_post_thumbnail":0},"_links":{"self":[{"href":"http:\/\/besenyod.hu\/index.php?rest_route=\/wp\/v2\/pages\/1250"}],"collection":[{"href":"http:\/\/besenyod.hu\/index.php?rest_route=\/wp\/v2\/pages"}],"about":[{"href":"http:\/\/besenyod.hu\/index.php?rest_route=\/wp\/v2\/types\/page"}],"author":[{"embeddable":true,"href":"http:\/\/besenyod.hu\/index.php?rest_route=\/wp\/v2\/users\/1"}],"replies":[{"embeddable":true,"href":"http:\/\/besenyod.hu\/index.php?rest_route=%2Fwp%2Fv2%2Fcomments&post=1250"}],"version-history":[{"count":2,"href":"http:\/\/besenyod.hu\/index.php?rest_route=\/wp\/v2\/pages\/1250\/revisions"}],"predecessor-version":[{"id":1255,"href":"http:\/\/besenyod.hu\/index.php?rest_route=\/wp\/v2\/pages\/1250\/revisions\/1255"}],"up":[{"embeddable":true,"href":"http:\/\/besenyod.hu\/index.php?rest_route=\/wp\/v2\/pages\/9"}],"wp:attachment":[{"href":"http:\/\/besenyod.hu\/index.php?rest_route=%2Fwp%2Fv2%2Fmedia&parent=1250"}],"curies":[{"name":"wp","href":"https:\/\/api.w.org\/{rel}","templated":true}]}}