{"id":1246,"date":"2024-02-13T10:21:40","date_gmt":"2024-02-13T10:21:40","guid":{"rendered":"http:\/\/besenyod.hu\/?page_id=1246"},"modified":"2024-02-13T10:21:40","modified_gmt":"2024-02-13T10:21:40","slug":"besenyod-rt-mod-493-sz-ut-velemenyezesi-dokumentacio","status":"publish","type":"page","link":"http:\/\/besenyod.hu\/?page_id=1246","title":{"rendered":"Beseny\u0151d RT m\u00f3d &#8211; 493. sz. \u00fat -V\u00e9lem\u00e9nyez\u00e9si dokument\u00e1ci\u00f3"},"content":{"rendered":"\n<div class=\"wp-block-file\"><object class=\"wp-block-file__embed\" data=\"http:\/\/besenyod.hu\/wp-content\/uploads\/2024\/02\/Besenyod-RT-mod-493.-sz.-ut-Velemenyezesi-dokumentacio.pdf\" type=\"application\/pdf\" style=\"width:100%;height:600px\" aria-label=\"Besenyod-RT-mod-493.-sz.-ut-Velemenyezesi-dokumentacio be\u00e1gyaz\u00e1sa\"><\/object><a id=\"wp-block-file--media-37138c52-fa21-4295-998c-7bcd4fe0113f\" href=\"http:\/\/besenyod.hu\/wp-content\/uploads\/2024\/02\/Besenyod-RT-mod-493.-sz.-ut-Velemenyezesi-dokumentacio.pdf\">Besenyod-RT-mod-493.-sz.-ut-Velemenyezesi-dokumentacio<\/a><a href=\"http:\/\/besenyod.hu\/wp-content\/uploads\/2024\/02\/Besenyod-RT-mod-493.-sz.-ut-Velemenyezesi-dokumentacio.pdf\" class=\"wp-block-file__button wp-element-button\" download aria-describedby=\"wp-block-file--media-37138c52-fa21-4295-998c-7bcd4fe0113f\">Let\u00f6lt\u00e9s<\/a><\/div>\n","protected":false},"excerpt":{"rendered":"","protected":false},"author":1,"featured_media":0,"parent":9,"menu_order":1,"comment_status":"closed","ping_status":"closed","template":"","meta":{"ngg_post_thumbnail":0},"_links":{"self":[{"href":"http:\/\/besenyod.hu\/index.php?rest_route=\/wp\/v2\/pages\/1246"}],"collection":[{"href":"http:\/\/besenyod.hu\/index.php?rest_route=\/wp\/v2\/pages"}],"about":[{"href":"http:\/\/besenyod.hu\/index.php?rest_route=\/wp\/v2\/types\/page"}],"author":[{"embeddable":true,"href":"http:\/\/besenyod.hu\/index.php?rest_route=\/wp\/v2\/users\/1"}],"replies":[{"embeddable":true,"href":"http:\/\/besenyod.hu\/index.php?rest_route=%2Fwp%2Fv2%2Fcomments&post=1246"}],"version-history":[{"count":1,"href":"http:\/\/besenyod.hu\/index.php?rest_route=\/wp\/v2\/pages\/1246\/revisions"}],"predecessor-version":[{"id":1248,"href":"http:\/\/besenyod.hu\/index.php?rest_route=\/wp\/v2\/pages\/1246\/revisions\/1248"}],"up":[{"embeddable":true,"href":"http:\/\/besenyod.hu\/index.php?rest_route=\/wp\/v2\/pages\/9"}],"wp:attachment":[{"href":"http:\/\/besenyod.hu\/index.php?rest_route=%2Fwp%2Fv2%2Fmedia&parent=1246"}],"curies":[{"name":"wp","href":"https:\/\/api.w.org\/{rel}","templated":true}]}}