{"id":1242,"date":"2024-02-12T09:26:18","date_gmt":"2024-02-12T09:26:18","guid":{"rendered":"http:\/\/besenyod.hu\/?page_id=1242"},"modified":"2024-02-12T09:26:18","modified_gmt":"2024-02-12T09:26:18","slug":"partnersegi-hirdetmeny-besenyod","status":"publish","type":"page","link":"http:\/\/besenyod.hu\/?page_id=1242","title":{"rendered":"Partners\u00e9gi Hirdetm\u00e9ny Beseny\u0151d"},"content":{"rendered":"\n<div class=\"wp-block-file\"><object class=\"wp-block-file__embed\" data=\"http:\/\/besenyod.hu\/wp-content\/uploads\/2024\/02\/Partnersegi-Hirdetmeny-Besenyod.pdf\" type=\"application\/pdf\" style=\"width:100%;height:600px\" aria-label=\"Partnersegi-Hirdetmeny-Besenyod be\u00e1gyaz\u00e1sa\"><\/object><a id=\"wp-block-file--media-d10e4a13-92e6-4e2c-97a8-96576e22dce1\" href=\"http:\/\/besenyod.hu\/wp-content\/uploads\/2024\/02\/Partnersegi-Hirdetmeny-Besenyod.pdf\">Partnersegi-Hirdetmeny-Besenyod<\/a><a href=\"http:\/\/besenyod.hu\/wp-content\/uploads\/2024\/02\/Partnersegi-Hirdetmeny-Besenyod.pdf\" class=\"wp-block-file__button wp-element-button\" download aria-describedby=\"wp-block-file--media-d10e4a13-92e6-4e2c-97a8-96576e22dce1\">Let\u00f6lt\u00e9s<\/a><\/div>\n","protected":false},"excerpt":{"rendered":"","protected":false},"author":1,"featured_media":0,"parent":9,"menu_order":0,"comment_status":"closed","ping_status":"closed","template":"","meta":{"ngg_post_thumbnail":0},"_links":{"self":[{"href":"http:\/\/besenyod.hu\/index.php?rest_route=\/wp\/v2\/pages\/1242"}],"collection":[{"href":"http:\/\/besenyod.hu\/index.php?rest_route=\/wp\/v2\/pages"}],"about":[{"href":"http:\/\/besenyod.hu\/index.php?rest_route=\/wp\/v2\/types\/page"}],"author":[{"embeddable":true,"href":"http:\/\/besenyod.hu\/index.php?rest_route=\/wp\/v2\/users\/1"}],"replies":[{"embeddable":true,"href":"http:\/\/besenyod.hu\/index.php?rest_route=%2Fwp%2Fv2%2Fcomments&post=1242"}],"version-history":[{"count":1,"href":"http:\/\/besenyod.hu\/index.php?rest_route=\/wp\/v2\/pages\/1242\/revisions"}],"predecessor-version":[{"id":1244,"href":"http:\/\/besenyod.hu\/index.php?rest_route=\/wp\/v2\/pages\/1242\/revisions\/1244"}],"up":[{"embeddable":true,"href":"http:\/\/besenyod.hu\/index.php?rest_route=\/wp\/v2\/pages\/9"}],"wp:attachment":[{"href":"http:\/\/besenyod.hu\/index.php?rest_route=%2Fwp%2Fv2%2Fmedia&parent=1242"}],"curies":[{"name":"wp","href":"https:\/\/api.w.org\/{rel}","templated":true}]}}