{"id":1176,"date":"2023-09-27T05:20:30","date_gmt":"2023-09-27T05:20:30","guid":{"rendered":"http:\/\/besenyod.hu\/?page_id=1176"},"modified":"2023-09-27T05:26:38","modified_gmt":"2023-09-27T05:26:38","slug":"2024-evei-bursa-osztondijpalyazati-felhivas","status":"publish","type":"page","link":"http:\/\/besenyod.hu\/?page_id=1176","title":{"rendered":"Bursa \u00d6szt\u00f6nd\u00edjp\u00e1ly\u00e1zat \u2013 2024 \u00e9vre."},"content":{"rendered":"\n<figure class=\"wp-block-image size-full\"><a href=\"http:\/\/besenyod.hu\/wp-content\/uploads\/2023\/09\/2024-Evi-Bursa-Osztondijpalyazati-felhivas.jpg\"><img decoding=\"async\" loading=\"lazy\" width=\"584\" height=\"735\" src=\"http:\/\/besenyod.hu\/wp-content\/uploads\/2023\/09\/2024-Evi-Bursa-Osztondijpalyazati-felhivas.jpg\" alt=\"\" class=\"wp-image-1177\" srcset=\"http:\/\/besenyod.hu\/wp-content\/uploads\/2023\/09\/2024-Evi-Bursa-Osztondijpalyazati-felhivas.jpg 584w, http:\/\/besenyod.hu\/wp-content\/uploads\/2023\/09\/2024-Evi-Bursa-Osztondijpalyazati-felhivas-238x300.jpg 238w\" sizes=\"(max-width: 584px) 100vw, 584px\" \/><\/a><\/figure>\n","protected":false},"excerpt":{"rendered":"","protected":false},"author":1,"featured_media":0,"parent":9,"menu_order":1,"comment_status":"closed","ping_status":"closed","template":"","meta":{"ngg_post_thumbnail":0},"_links":{"self":[{"href":"http:\/\/besenyod.hu\/index.php?rest_route=\/wp\/v2\/pages\/1176"}],"collection":[{"href":"http:\/\/besenyod.hu\/index.php?rest_route=\/wp\/v2\/pages"}],"about":[{"href":"http:\/\/besenyod.hu\/index.php?rest_route=\/wp\/v2\/types\/page"}],"author":[{"embeddable":true,"href":"http:\/\/besenyod.hu\/index.php?rest_route=\/wp\/v2\/users\/1"}],"replies":[{"embeddable":true,"href":"http:\/\/besenyod.hu\/index.php?rest_route=%2Fwp%2Fv2%2Fcomments&post=1176"}],"version-history":[{"count":6,"href":"http:\/\/besenyod.hu\/index.php?rest_route=\/wp\/v2\/pages\/1176\/revisions"}],"predecessor-version":[{"id":1184,"href":"http:\/\/besenyod.hu\/index.php?rest_route=\/wp\/v2\/pages\/1176\/revisions\/1184"}],"up":[{"embeddable":true,"href":"http:\/\/besenyod.hu\/index.php?rest_route=\/wp\/v2\/pages\/9"}],"wp:attachment":[{"href":"http:\/\/besenyod.hu\/index.php?rest_route=%2Fwp%2Fv2%2Fmedia&parent=1176"}],"curies":[{"name":"wp","href":"https:\/\/api.w.org\/{rel}","templated":true}]}}