{"id":1164,"date":"2023-01-18T09:40:52","date_gmt":"2023-01-18T09:40:52","guid":{"rendered":"http:\/\/besenyod.hu\/?page_id=1164"},"modified":"2023-01-18T09:40:52","modified_gmt":"2023-01-18T09:40:52","slug":"tajekoztato-a-helyi-iparuzesi-ado-devizaban-torteno-megfizeteserol","status":"publish","type":"page","link":"http:\/\/besenyod.hu\/?page_id=1164","title":{"rendered":"T\u00e1j\u00e9koztat\u00f3 a helyi ipar\u0171z\u00e9si ad\u00f3 deviz\u00e1ban t\u00f6rt\u00e9n\u0151 megfizet\u00e9s\u00e9r\u0151l"},"content":{"rendered":"\n<figure class=\"wp-block-image size-full\"><a href=\"http:\/\/besenyod.hu\/wp-content\/uploads\/2023\/01\/Tajekoztato-a-helyi-iparuzesi-ado-devizaban-torteno-megfizeteserol.jpg\"><img decoding=\"async\" loading=\"lazy\" width=\"551\" height=\"809\" src=\"http:\/\/besenyod.hu\/wp-content\/uploads\/2023\/01\/Tajekoztato-a-helyi-iparuzesi-ado-devizaban-torteno-megfizeteserol.jpg\" alt=\"\" class=\"wp-image-1165\" srcset=\"http:\/\/besenyod.hu\/wp-content\/uploads\/2023\/01\/Tajekoztato-a-helyi-iparuzesi-ado-devizaban-torteno-megfizeteserol.jpg 551w, http:\/\/besenyod.hu\/wp-content\/uploads\/2023\/01\/Tajekoztato-a-helyi-iparuzesi-ado-devizaban-torteno-megfizeteserol-204x300.jpg 204w\" sizes=\"(max-width: 551px) 100vw, 551px\" \/><\/a><\/figure>\n","protected":false},"excerpt":{"rendered":"","protected":false},"author":1,"featured_media":0,"parent":9,"menu_order":0,"comment_status":"closed","ping_status":"closed","template":"","meta":{"ngg_post_thumbnail":0},"_links":{"self":[{"href":"http:\/\/besenyod.hu\/index.php?rest_route=\/wp\/v2\/pages\/1164"}],"collection":[{"href":"http:\/\/besenyod.hu\/index.php?rest_route=\/wp\/v2\/pages"}],"about":[{"href":"http:\/\/besenyod.hu\/index.php?rest_route=\/wp\/v2\/types\/page"}],"author":[{"embeddable":true,"href":"http:\/\/besenyod.hu\/index.php?rest_route=\/wp\/v2\/users\/1"}],"replies":[{"embeddable":true,"href":"http:\/\/besenyod.hu\/index.php?rest_route=%2Fwp%2Fv2%2Fcomments&post=1164"}],"version-history":[{"count":1,"href":"http:\/\/besenyod.hu\/index.php?rest_route=\/wp\/v2\/pages\/1164\/revisions"}],"predecessor-version":[{"id":1166,"href":"http:\/\/besenyod.hu\/index.php?rest_route=\/wp\/v2\/pages\/1164\/revisions\/1166"}],"up":[{"embeddable":true,"href":"http:\/\/besenyod.hu\/index.php?rest_route=\/wp\/v2\/pages\/9"}],"wp:attachment":[{"href":"http:\/\/besenyod.hu\/index.php?rest_route=%2Fwp%2Fv2%2Fmedia&parent=1164"}],"curies":[{"name":"wp","href":"https:\/\/api.w.org\/{rel}","templated":true}]}}