{"id":1141,"date":"2023-01-16T06:45:56","date_gmt":"2023-01-16T06:45:56","guid":{"rendered":"http:\/\/besenyod.hu\/?page_id=1141"},"modified":"2023-01-17T14:59:15","modified_gmt":"2023-01-17T14:59:15","slug":"ovodai-jatszoudvar-kozteruleti-jatszoterek-fejlesztese-2022","status":"publish","type":"page","link":"http:\/\/besenyod.hu\/?page_id=1141","title":{"rendered":"\u00d3vodai j\u00e1tsz\u00f3udvar, k\u00f6zter\u00fcleti j\u00e1tsz\u00f3terek fejleszt\u00e9se 2022"},"content":{"rendered":"\n<p><\/p>\n\n\n\n<figure class=\"wp-block-image size-full\"><a href=\"http:\/\/besenyod.hu\/wp-content\/uploads\/2023\/01\/Tabla.jpg\"><img decoding=\"async\" loading=\"lazy\" width=\"554\" height=\"783\" src=\"http:\/\/besenyod.hu\/wp-content\/uploads\/2023\/01\/Tabla.jpg\" alt=\"\" class=\"wp-image-1142\" srcset=\"http:\/\/besenyod.hu\/wp-content\/uploads\/2023\/01\/Tabla.jpg 554w, http:\/\/besenyod.hu\/wp-content\/uploads\/2023\/01\/Tabla-212x300.jpg 212w\" sizes=\"(max-width: 554px) 100vw, 554px\" \/><\/a><\/figure>\n\n\n\n<figure class=\"wp-block-image size-large\"><a href=\"http:\/\/besenyod.hu\/wp-content\/uploads\/2023\/01\/Tamogatoi-Okirta-Ovodai-jatszoudvar-1.jpg\"><img decoding=\"async\" loading=\"lazy\" width=\"724\" height=\"1024\" src=\"http:\/\/besenyod.hu\/wp-content\/uploads\/2023\/01\/Tamogatoi-Okirta-Ovodai-jatszoudvar-1-724x1024.jpg\" alt=\"\" class=\"wp-image-1143\" srcset=\"http:\/\/besenyod.hu\/wp-content\/uploads\/2023\/01\/Tamogatoi-Okirta-Ovodai-jatszoudvar-1-724x1024.jpg 724w, http:\/\/besenyod.hu\/wp-content\/uploads\/2023\/01\/Tamogatoi-Okirta-Ovodai-jatszoudvar-1-212x300.jpg 212w, http:\/\/besenyod.hu\/wp-content\/uploads\/2023\/01\/Tamogatoi-Okirta-Ovodai-jatszoudvar-1-768x1086.jpg 768w, http:\/\/besenyod.hu\/wp-content\/uploads\/2023\/01\/Tamogatoi-Okirta-Ovodai-jatszoudvar-1-1087x1536.jpg 1087w, http:\/\/besenyod.hu\/wp-content\/uploads\/2023\/01\/Tamogatoi-Okirta-Ovodai-jatszoudvar-1-1449x2048.jpg 1449w, http:\/\/besenyod.hu\/wp-content\/uploads\/2023\/01\/Tamogatoi-Okirta-Ovodai-jatszoudvar-1.jpg 1654w\" sizes=\"(max-width: 724px) 100vw, 724px\" \/><\/a><\/figure>\n\n\n\n<figure class=\"wp-block-image size-large\"><a href=\"http:\/\/besenyod.hu\/wp-content\/uploads\/2023\/01\/Tamogatoi-Okirta-Ovodai-jatszoudvar-2.jpg\"><img decoding=\"async\" loading=\"lazy\" width=\"724\" height=\"1024\" src=\"http:\/\/besenyod.hu\/wp-content\/uploads\/2023\/01\/Tamogatoi-Okirta-Ovodai-jatszoudvar-2-724x1024.jpg\" alt=\"\" class=\"wp-image-1144\" srcset=\"http:\/\/besenyod.hu\/wp-content\/uploads\/2023\/01\/Tamogatoi-Okirta-Ovodai-jatszoudvar-2-724x1024.jpg 724w, http:\/\/besenyod.hu\/wp-content\/uploads\/2023\/01\/Tamogatoi-Okirta-Ovodai-jatszoudvar-2-212x300.jpg 212w, http:\/\/besenyod.hu\/wp-content\/uploads\/2023\/01\/Tamogatoi-Okirta-Ovodai-jatszoudvar-2-768x1086.jpg 768w, http:\/\/besenyod.hu\/wp-content\/uploads\/2023\/01\/Tamogatoi-Okirta-Ovodai-jatszoudvar-2-1087x1536.jpg 1087w, http:\/\/besenyod.hu\/wp-content\/uploads\/2023\/01\/Tamogatoi-Okirta-Ovodai-jatszoudvar-2-1449x2048.jpg 1449w, http:\/\/besenyod.hu\/wp-content\/uploads\/2023\/01\/Tamogatoi-Okirta-Ovodai-jatszoudvar-2.jpg 1654w\" sizes=\"(max-width: 724px) 100vw, 724px\" \/><\/a><\/figure>\n\n\n\n<figure class=\"wp-block-image size-large\"><a href=\"http:\/\/besenyod.hu\/wp-content\/uploads\/2023\/01\/Tamogatoi-Okirta-Ovodai-jatszoudvar-3.jpg\"><img decoding=\"async\" loading=\"lazy\" width=\"724\" height=\"1024\" src=\"http:\/\/besenyod.hu\/wp-content\/uploads\/2023\/01\/Tamogatoi-Okirta-Ovodai-jatszoudvar-3-724x1024.jpg\" alt=\"\" class=\"wp-image-1146\" srcset=\"http:\/\/besenyod.hu\/wp-content\/uploads\/2023\/01\/Tamogatoi-Okirta-Ovodai-jatszoudvar-3-724x1024.jpg 724w, http:\/\/besenyod.hu\/wp-content\/uploads\/2023\/01\/Tamogatoi-Okirta-Ovodai-jatszoudvar-3-212x300.jpg 212w, http:\/\/besenyod.hu\/wp-content\/uploads\/2023\/01\/Tamogatoi-Okirta-Ovodai-jatszoudvar-3-768x1086.jpg 768w, http:\/\/besenyod.hu\/wp-content\/uploads\/2023\/01\/Tamogatoi-Okirta-Ovodai-jatszoudvar-3-1087x1536.jpg 1087w, http:\/\/besenyod.hu\/wp-content\/uploads\/2023\/01\/Tamogatoi-Okirta-Ovodai-jatszoudvar-3-1449x2048.jpg 1449w, http:\/\/besenyod.hu\/wp-content\/uploads\/2023\/01\/Tamogatoi-Okirta-Ovodai-jatszoudvar-3.jpg 1654w\" sizes=\"(max-width: 724px) 100vw, 724px\" \/><\/a><\/figure>\n\n\n\n<figure class=\"wp-block-image size-large\"><a href=\"http:\/\/besenyod.hu\/wp-content\/uploads\/2023\/01\/Tamogatoi-Okirta-Ovodai-jatszoudvar-4.jpg\"><img decoding=\"async\" loading=\"lazy\" width=\"724\" height=\"1024\" src=\"http:\/\/besenyod.hu\/wp-content\/uploads\/2023\/01\/Tamogatoi-Okirta-Ovodai-jatszoudvar-4-724x1024.jpg\" alt=\"\" class=\"wp-image-1145\" srcset=\"http:\/\/besenyod.hu\/wp-content\/uploads\/2023\/01\/Tamogatoi-Okirta-Ovodai-jatszoudvar-4-724x1024.jpg 724w, http:\/\/besenyod.hu\/wp-content\/uploads\/2023\/01\/Tamogatoi-Okirta-Ovodai-jatszoudvar-4-212x300.jpg 212w, http:\/\/besenyod.hu\/wp-content\/uploads\/2023\/01\/Tamogatoi-Okirta-Ovodai-jatszoudvar-4-768x1086.jpg 768w, http:\/\/besenyod.hu\/wp-content\/uploads\/2023\/01\/Tamogatoi-Okirta-Ovodai-jatszoudvar-4-1087x1536.jpg 1087w, http:\/\/besenyod.hu\/wp-content\/uploads\/2023\/01\/Tamogatoi-Okirta-Ovodai-jatszoudvar-4-1449x2048.jpg 1449w, http:\/\/besenyod.hu\/wp-content\/uploads\/2023\/01\/Tamogatoi-Okirta-Ovodai-jatszoudvar-4.jpg 1654w\" sizes=\"(max-width: 724px) 100vw, 724px\" \/><\/a><\/figure>\n\n\n\n<figure class=\"wp-block-image size-large\"><a href=\"http:\/\/besenyod.hu\/wp-content\/uploads\/2023\/01\/Tamogatoi-Okirta-Ovodai-jatszoudvar-5.jpg\"><img decoding=\"async\" loading=\"lazy\" width=\"724\" height=\"1024\" src=\"http:\/\/besenyod.hu\/wp-content\/uploads\/2023\/01\/Tamogatoi-Okirta-Ovodai-jatszoudvar-5-724x1024.jpg\" alt=\"\" class=\"wp-image-1147\" srcset=\"http:\/\/besenyod.hu\/wp-content\/uploads\/2023\/01\/Tamogatoi-Okirta-Ovodai-jatszoudvar-5-724x1024.jpg 724w, http:\/\/besenyod.hu\/wp-content\/uploads\/2023\/01\/Tamogatoi-Okirta-Ovodai-jatszoudvar-5-212x300.jpg 212w, http:\/\/besenyod.hu\/wp-content\/uploads\/2023\/01\/Tamogatoi-Okirta-Ovodai-jatszoudvar-5-768x1086.jpg 768w, http:\/\/besenyod.hu\/wp-content\/uploads\/2023\/01\/Tamogatoi-Okirta-Ovodai-jatszoudvar-5-1087x1536.jpg 1087w, http:\/\/besenyod.hu\/wp-content\/uploads\/2023\/01\/Tamogatoi-Okirta-Ovodai-jatszoudvar-5-1449x2048.jpg 1449w, http:\/\/besenyod.hu\/wp-content\/uploads\/2023\/01\/Tamogatoi-Okirta-Ovodai-jatszoudvar-5.jpg 1654w\" sizes=\"(max-width: 724px) 100vw, 724px\" \/><\/a><\/figure>\n\n\n\n<figure class=\"wp-block-image size-full\"><a href=\"http:\/\/besenyod.hu\/wp-content\/uploads\/2023\/01\/Ovodai-Jatszoter-0.jpg\"><img decoding=\"async\" loading=\"lazy\" width=\"930\" height=\"931\" src=\"http:\/\/besenyod.hu\/wp-content\/uploads\/2023\/01\/Ovodai-Jatszoter-0.jpg\" alt=\"\" class=\"wp-image-1156\" srcset=\"http:\/\/besenyod.hu\/wp-content\/uploads\/2023\/01\/Ovodai-Jatszoter-0.jpg 930w, http:\/\/besenyod.hu\/wp-content\/uploads\/2023\/01\/Ovodai-Jatszoter-0-300x300.jpg 300w, http:\/\/besenyod.hu\/wp-content\/uploads\/2023\/01\/Ovodai-Jatszoter-0-150x150.jpg 150w, http:\/\/besenyod.hu\/wp-content\/uploads\/2023\/01\/Ovodai-Jatszoter-0-768x769.jpg 768w\" sizes=\"(max-width: 930px) 100vw, 930px\" \/><\/a><\/figure>\n\n\n\n<figure class=\"wp-block-image size-large\"><a href=\"http:\/\/besenyod.hu\/wp-content\/uploads\/2023\/01\/Ovodai-Jatszoter-1.jpg\"><img decoding=\"async\" loading=\"lazy\" width=\"1024\" height=\"496\" src=\"http:\/\/besenyod.hu\/wp-content\/uploads\/2023\/01\/Ovodai-Jatszoter-1-1024x496.jpg\" alt=\"\" class=\"wp-image-1157\" srcset=\"http:\/\/besenyod.hu\/wp-content\/uploads\/2023\/01\/Ovodai-Jatszoter-1-1024x496.jpg 1024w, http:\/\/besenyod.hu\/wp-content\/uploads\/2023\/01\/Ovodai-Jatszoter-1-300x145.jpg 300w, http:\/\/besenyod.hu\/wp-content\/uploads\/2023\/01\/Ovodai-Jatszoter-1-768x372.jpg 768w, http:\/\/besenyod.hu\/wp-content\/uploads\/2023\/01\/Ovodai-Jatszoter-1-1536x744.jpg 1536w, http:\/\/besenyod.hu\/wp-content\/uploads\/2023\/01\/Ovodai-Jatszoter-1-500x242.jpg 500w, http:\/\/besenyod.hu\/wp-content\/uploads\/2023\/01\/Ovodai-Jatszoter-1.jpg 1920w\" sizes=\"(max-width: 1024px) 100vw, 1024px\" \/><\/a><\/figure>\n\n\n\n<figure class=\"wp-block-image size-large\"><a href=\"http:\/\/besenyod.hu\/wp-content\/uploads\/2023\/01\/Ovodai-Jatszoter-2.jpg\"><img decoding=\"async\" loading=\"lazy\" width=\"1024\" height=\"767\" src=\"http:\/\/besenyod.hu\/wp-content\/uploads\/2023\/01\/Ovodai-Jatszoter-2-1024x767.jpg\" alt=\"\" class=\"wp-image-1158\" srcset=\"http:\/\/besenyod.hu\/wp-content\/uploads\/2023\/01\/Ovodai-Jatszoter-2-1024x767.jpg 1024w, http:\/\/besenyod.hu\/wp-content\/uploads\/2023\/01\/Ovodai-Jatszoter-2-300x225.jpg 300w, http:\/\/besenyod.hu\/wp-content\/uploads\/2023\/01\/Ovodai-Jatszoter-2-768x575.jpg 768w, http:\/\/besenyod.hu\/wp-content\/uploads\/2023\/01\/Ovodai-Jatszoter-2-401x300.jpg 401w, http:\/\/besenyod.hu\/wp-content\/uploads\/2023\/01\/Ovodai-Jatszoter-2.jpg 1241w\" sizes=\"(max-width: 1024px) 100vw, 1024px\" \/><\/a><\/figure>\n\n\n\n<figure class=\"wp-block-image size-large\"><a href=\"http:\/\/besenyod.hu\/wp-content\/uploads\/2023\/01\/Ovodai-Jatszoter-3.jpg\"><img decoding=\"async\" loading=\"lazy\" width=\"1024\" height=\"768\" src=\"http:\/\/besenyod.hu\/wp-content\/uploads\/2023\/01\/Ovodai-Jatszoter-3-1024x768.jpg\" alt=\"\" class=\"wp-image-1161\" srcset=\"http:\/\/besenyod.hu\/wp-content\/uploads\/2023\/01\/Ovodai-Jatszoter-3-1024x768.jpg 1024w, http:\/\/besenyod.hu\/wp-content\/uploads\/2023\/01\/Ovodai-Jatszoter-3-300x225.jpg 300w, http:\/\/besenyod.hu\/wp-content\/uploads\/2023\/01\/Ovodai-Jatszoter-3-768x576.jpg 768w, http:\/\/besenyod.hu\/wp-content\/uploads\/2023\/01\/Ovodai-Jatszoter-3-400x300.jpg 400w, http:\/\/besenyod.hu\/wp-content\/uploads\/2023\/01\/Ovodai-Jatszoter-3.jpg 1240w\" sizes=\"(max-width: 1024px) 100vw, 1024px\" \/><\/a><\/figure>\n\n\n\n<figure class=\"wp-block-image size-large\"><a href=\"http:\/\/besenyod.hu\/wp-content\/uploads\/2023\/01\/Ovodai-Jatszoter-4.jpg\"><img decoding=\"async\" loading=\"lazy\" width=\"1024\" height=\"497\" src=\"http:\/\/besenyod.hu\/wp-content\/uploads\/2023\/01\/Ovodai-Jatszoter-4-1024x497.jpg\" alt=\"\" class=\"wp-image-1160\" srcset=\"http:\/\/besenyod.hu\/wp-content\/uploads\/2023\/01\/Ovodai-Jatszoter-4-1024x497.jpg 1024w, http:\/\/besenyod.hu\/wp-content\/uploads\/2023\/01\/Ovodai-Jatszoter-4-300x145.jpg 300w, http:\/\/besenyod.hu\/wp-content\/uploads\/2023\/01\/Ovodai-Jatszoter-4-768x372.jpg 768w, http:\/\/besenyod.hu\/wp-content\/uploads\/2023\/01\/Ovodai-Jatszoter-4-1536x745.jpg 1536w, http:\/\/besenyod.hu\/wp-content\/uploads\/2023\/01\/Ovodai-Jatszoter-4-500x242.jpg 500w, http:\/\/besenyod.hu\/wp-content\/uploads\/2023\/01\/Ovodai-Jatszoter-4.jpg 1920w\" sizes=\"(max-width: 1024px) 100vw, 1024px\" \/><\/a><\/figure>\n\n\n\n<figure class=\"wp-block-image size-large\"><a href=\"http:\/\/besenyod.hu\/wp-content\/uploads\/2023\/01\/Ovodai-Jatszoter-5.jpg\"><img decoding=\"async\" loading=\"lazy\" width=\"1024\" height=\"768\" src=\"http:\/\/besenyod.hu\/wp-content\/uploads\/2023\/01\/Ovodai-Jatszoter-5-1024x768.jpg\" alt=\"\" class=\"wp-image-1159\" srcset=\"http:\/\/besenyod.hu\/wp-content\/uploads\/2023\/01\/Ovodai-Jatszoter-5-1024x768.jpg 1024w, http:\/\/besenyod.hu\/wp-content\/uploads\/2023\/01\/Ovodai-Jatszoter-5-300x225.jpg 300w, http:\/\/besenyod.hu\/wp-content\/uploads\/2023\/01\/Ovodai-Jatszoter-5-768x576.jpg 768w, http:\/\/besenyod.hu\/wp-content\/uploads\/2023\/01\/Ovodai-Jatszoter-5-400x300.jpg 400w, http:\/\/besenyod.hu\/wp-content\/uploads\/2023\/01\/Ovodai-Jatszoter-5.jpg 1240w\" sizes=\"(max-width: 1024px) 100vw, 1024px\" \/><\/a><\/figure>\n\n\n\n<figure class=\"wp-block-image size-large\"><a href=\"http:\/\/besenyod.hu\/wp-content\/uploads\/2023\/01\/Ovodai-Jatszoter-6.jpg\"><img decoding=\"async\" loading=\"lazy\" width=\"1024\" height=\"496\" src=\"http:\/\/besenyod.hu\/wp-content\/uploads\/2023\/01\/Ovodai-Jatszoter-6-1024x496.jpg\" alt=\"\" class=\"wp-image-1162\" srcset=\"http:\/\/besenyod.hu\/wp-content\/uploads\/2023\/01\/Ovodai-Jatszoter-6-1024x496.jpg 1024w, http:\/\/besenyod.hu\/wp-content\/uploads\/2023\/01\/Ovodai-Jatszoter-6-300x145.jpg 300w, http:\/\/besenyod.hu\/wp-content\/uploads\/2023\/01\/Ovodai-Jatszoter-6-768x372.jpg 768w, http:\/\/besenyod.hu\/wp-content\/uploads\/2023\/01\/Ovodai-Jatszoter-6-1536x744.jpg 1536w, http:\/\/besenyod.hu\/wp-content\/uploads\/2023\/01\/Ovodai-Jatszoter-6-500x242.jpg 500w, http:\/\/besenyod.hu\/wp-content\/uploads\/2023\/01\/Ovodai-Jatszoter-6.jpg 1920w\" sizes=\"(max-width: 1024px) 100vw, 1024px\" \/><\/a><\/figure>\n","protected":false},"excerpt":{"rendered":"","protected":false},"author":1,"featured_media":0,"parent":475,"menu_order":1,"comment_status":"closed","ping_status":"closed","template":"","meta":{"ngg_post_thumbnail":0},"_links":{"self":[{"href":"http:\/\/besenyod.hu\/index.php?rest_route=\/wp\/v2\/pages\/1141"}],"collection":[{"href":"http:\/\/besenyod.hu\/index.php?rest_route=\/wp\/v2\/pages"}],"about":[{"href":"http:\/\/besenyod.hu\/index.php?rest_route=\/wp\/v2\/types\/page"}],"author":[{"embeddable":true,"href":"http:\/\/besenyod.hu\/index.php?rest_route=\/wp\/v2\/users\/1"}],"replies":[{"embeddable":true,"href":"http:\/\/besenyod.hu\/index.php?rest_route=%2Fwp%2Fv2%2Fcomments&post=1141"}],"version-history":[{"count":2,"href":"http:\/\/besenyod.hu\/index.php?rest_route=\/wp\/v2\/pages\/1141\/revisions"}],"predecessor-version":[{"id":1163,"href":"http:\/\/besenyod.hu\/index.php?rest_route=\/wp\/v2\/pages\/1141\/revisions\/1163"}],"up":[{"embeddable":true,"href":"http:\/\/besenyod.hu\/index.php?rest_route=\/wp\/v2\/pages\/475"}],"wp:attachment":[{"href":"http:\/\/besenyod.hu\/index.php?rest_route=%2Fwp%2Fv2%2Fmedia&parent=1141"}],"curies":[{"name":"wp","href":"https:\/\/api.w.org\/{rel}","templated":true}]}}