{"id":1133,"date":"2022-11-07T17:02:40","date_gmt":"2022-11-07T17:02:40","guid":{"rendered":"http:\/\/besenyod.hu\/?page_id=1133"},"modified":"2022-11-07T17:02:40","modified_gmt":"2022-11-07T17:02:40","slug":"besenyod-kozteruletek-elnevezeserol-hazszamozasarol-rendelet","status":"publish","type":"page","link":"http:\/\/besenyod.hu\/?page_id=1133","title":{"rendered":"Beseny\u0151d K\u00f6zter\u00fcletek elnevez\u00e9s\u00e9r\u0151l h\u00e1zsz\u00e1moz\u00e1s\u00e1r\u00f3l rendelet."},"content":{"rendered":"\n<figure class=\"wp-block-image size-large\"><a href=\"http:\/\/besenyod.hu\/wp-content\/uploads\/2022\/11\/Besenyod-Kozteruletek-elnevezeserol-hazszamozasarol-rendelet-1-scaled.jpg\"><img decoding=\"async\" loading=\"lazy\" width=\"730\" height=\"1024\" src=\"http:\/\/besenyod.hu\/wp-content\/uploads\/2022\/11\/Besenyod-Kozteruletek-elnevezeserol-hazszamozasarol-rendelet-1-730x1024.jpg\" alt=\"\" class=\"wp-image-1134\" srcset=\"http:\/\/besenyod.hu\/wp-content\/uploads\/2022\/11\/Besenyod-Kozteruletek-elnevezeserol-hazszamozasarol-rendelet-1-730x1024.jpg 730w, http:\/\/besenyod.hu\/wp-content\/uploads\/2022\/11\/Besenyod-Kozteruletek-elnevezeserol-hazszamozasarol-rendelet-1-214x300.jpg 214w, http:\/\/besenyod.hu\/wp-content\/uploads\/2022\/11\/Besenyod-Kozteruletek-elnevezeserol-hazszamozasarol-rendelet-1-768x1078.jpg 768w, http:\/\/besenyod.hu\/wp-content\/uploads\/2022\/11\/Besenyod-Kozteruletek-elnevezeserol-hazszamozasarol-rendelet-1-1094x1536.jpg 1094w, http:\/\/besenyod.hu\/wp-content\/uploads\/2022\/11\/Besenyod-Kozteruletek-elnevezeserol-hazszamozasarol-rendelet-1-1459x2048.jpg 1459w, http:\/\/besenyod.hu\/wp-content\/uploads\/2022\/11\/Besenyod-Kozteruletek-elnevezeserol-hazszamozasarol-rendelet-1-scaled.jpg 1824w\" sizes=\"(max-width: 730px) 100vw, 730px\" \/><\/a><\/figure>\n\n\n\n<figure class=\"wp-block-image size-large\"><a href=\"http:\/\/besenyod.hu\/wp-content\/uploads\/2022\/11\/Besenyod-Kozteruletek-elnevezeserol-hazszamozasarol-rendelet-2-scaled.jpg\"><img decoding=\"async\" loading=\"lazy\" width=\"728\" height=\"1024\" src=\"http:\/\/besenyod.hu\/wp-content\/uploads\/2022\/11\/Besenyod-Kozteruletek-elnevezeserol-hazszamozasarol-rendelet-2-728x1024.jpg\" alt=\"\" class=\"wp-image-1135\" srcset=\"http:\/\/besenyod.hu\/wp-content\/uploads\/2022\/11\/Besenyod-Kozteruletek-elnevezeserol-hazszamozasarol-rendelet-2-728x1024.jpg 728w, http:\/\/besenyod.hu\/wp-content\/uploads\/2022\/11\/Besenyod-Kozteruletek-elnevezeserol-hazszamozasarol-rendelet-2-213x300.jpg 213w, http:\/\/besenyod.hu\/wp-content\/uploads\/2022\/11\/Besenyod-Kozteruletek-elnevezeserol-hazszamozasarol-rendelet-2-768x1080.jpg 768w, http:\/\/besenyod.hu\/wp-content\/uploads\/2022\/11\/Besenyod-Kozteruletek-elnevezeserol-hazszamozasarol-rendelet-2-1093x1536.jpg 1093w, http:\/\/besenyod.hu\/wp-content\/uploads\/2022\/11\/Besenyod-Kozteruletek-elnevezeserol-hazszamozasarol-rendelet-2-1457x2048.jpg 1457w, http:\/\/besenyod.hu\/wp-content\/uploads\/2022\/11\/Besenyod-Kozteruletek-elnevezeserol-hazszamozasarol-rendelet-2-scaled.jpg 1821w\" sizes=\"(max-width: 728px) 100vw, 728px\" \/><\/a><\/figure>\n\n\n\n<figure class=\"wp-block-image size-large\"><a href=\"http:\/\/besenyod.hu\/wp-content\/uploads\/2022\/11\/Besenyod-Kozteruletek-elnevezeserol-hazszamozasarol-rendelet-3-scaled.jpg\"><img decoding=\"async\" loading=\"lazy\" width=\"728\" height=\"1024\" src=\"http:\/\/besenyod.hu\/wp-content\/uploads\/2022\/11\/Besenyod-Kozteruletek-elnevezeserol-hazszamozasarol-rendelet-3-728x1024.jpg\" alt=\"\" class=\"wp-image-1137\" srcset=\"http:\/\/besenyod.hu\/wp-content\/uploads\/2022\/11\/Besenyod-Kozteruletek-elnevezeserol-hazszamozasarol-rendelet-3-728x1024.jpg 728w, http:\/\/besenyod.hu\/wp-content\/uploads\/2022\/11\/Besenyod-Kozteruletek-elnevezeserol-hazszamozasarol-rendelet-3-213x300.jpg 213w, http:\/\/besenyod.hu\/wp-content\/uploads\/2022\/11\/Besenyod-Kozteruletek-elnevezeserol-hazszamozasarol-rendelet-3-768x1080.jpg 768w, http:\/\/besenyod.hu\/wp-content\/uploads\/2022\/11\/Besenyod-Kozteruletek-elnevezeserol-hazszamozasarol-rendelet-3-1092x1536.jpg 1092w, http:\/\/besenyod.hu\/wp-content\/uploads\/2022\/11\/Besenyod-Kozteruletek-elnevezeserol-hazszamozasarol-rendelet-3-1456x2048.jpg 1456w, http:\/\/besenyod.hu\/wp-content\/uploads\/2022\/11\/Besenyod-Kozteruletek-elnevezeserol-hazszamozasarol-rendelet-3-scaled.jpg 1820w\" sizes=\"(max-width: 728px) 100vw, 728px\" \/><\/a><\/figure>\n\n\n\n<figure class=\"wp-block-image size-large\"><a href=\"http:\/\/besenyod.hu\/wp-content\/uploads\/2022\/11\/Besenyod-Kozteruletek-elnevezeserol-hazszamozasarol-rendelet-4-scaled.jpg\"><img decoding=\"async\" loading=\"lazy\" width=\"728\" height=\"1024\" src=\"http:\/\/besenyod.hu\/wp-content\/uploads\/2022\/11\/Besenyod-Kozteruletek-elnevezeserol-hazszamozasarol-rendelet-4-728x1024.jpg\" alt=\"\" class=\"wp-image-1138\" srcset=\"http:\/\/besenyod.hu\/wp-content\/uploads\/2022\/11\/Besenyod-Kozteruletek-elnevezeserol-hazszamozasarol-rendelet-4-728x1024.jpg 728w, http:\/\/besenyod.hu\/wp-content\/uploads\/2022\/11\/Besenyod-Kozteruletek-elnevezeserol-hazszamozasarol-rendelet-4-213x300.jpg 213w, http:\/\/besenyod.hu\/wp-content\/uploads\/2022\/11\/Besenyod-Kozteruletek-elnevezeserol-hazszamozasarol-rendelet-4-768x1081.jpg 768w, http:\/\/besenyod.hu\/wp-content\/uploads\/2022\/11\/Besenyod-Kozteruletek-elnevezeserol-hazszamozasarol-rendelet-4-1091x1536.jpg 1091w, http:\/\/besenyod.hu\/wp-content\/uploads\/2022\/11\/Besenyod-Kozteruletek-elnevezeserol-hazszamozasarol-rendelet-4-1455x2048.jpg 1455w, http:\/\/besenyod.hu\/wp-content\/uploads\/2022\/11\/Besenyod-Kozteruletek-elnevezeserol-hazszamozasarol-rendelet-4-scaled.jpg 1819w\" sizes=\"(max-width: 728px) 100vw, 728px\" \/><\/a><\/figure>\n\n\n\n<figure class=\"wp-block-image size-large\"><a href=\"http:\/\/besenyod.hu\/wp-content\/uploads\/2022\/11\/Besenyod-Kozteruletek-elnevezeserol-hazszamozasarol-rendelet-5-scaled.jpg\"><img decoding=\"async\" loading=\"lazy\" width=\"729\" height=\"1024\" src=\"http:\/\/besenyod.hu\/wp-content\/uploads\/2022\/11\/Besenyod-Kozteruletek-elnevezeserol-hazszamozasarol-rendelet-5-729x1024.jpg\" alt=\"\" class=\"wp-image-1136\" srcset=\"http:\/\/besenyod.hu\/wp-content\/uploads\/2022\/11\/Besenyod-Kozteruletek-elnevezeserol-hazszamozasarol-rendelet-5-729x1024.jpg 729w, http:\/\/besenyod.hu\/wp-content\/uploads\/2022\/11\/Besenyod-Kozteruletek-elnevezeserol-hazszamozasarol-rendelet-5-214x300.jpg 214w, http:\/\/besenyod.hu\/wp-content\/uploads\/2022\/11\/Besenyod-Kozteruletek-elnevezeserol-hazszamozasarol-rendelet-5-768x1079.jpg 768w, http:\/\/besenyod.hu\/wp-content\/uploads\/2022\/11\/Besenyod-Kozteruletek-elnevezeserol-hazszamozasarol-rendelet-5-1093x1536.jpg 1093w, http:\/\/besenyod.hu\/wp-content\/uploads\/2022\/11\/Besenyod-Kozteruletek-elnevezeserol-hazszamozasarol-rendelet-5-1458x2048.jpg 1458w, http:\/\/besenyod.hu\/wp-content\/uploads\/2022\/11\/Besenyod-Kozteruletek-elnevezeserol-hazszamozasarol-rendelet-5-scaled.jpg 1822w\" sizes=\"(max-width: 729px) 100vw, 729px\" \/><\/a><\/figure>\n","protected":false},"excerpt":{"rendered":"","protected":false},"author":1,"featured_media":0,"parent":9,"menu_order":0,"comment_status":"closed","ping_status":"closed","template":"","meta":{"ngg_post_thumbnail":0},"_links":{"self":[{"href":"http:\/\/besenyod.hu\/index.php?rest_route=\/wp\/v2\/pages\/1133"}],"collection":[{"href":"http:\/\/besenyod.hu\/index.php?rest_route=\/wp\/v2\/pages"}],"about":[{"href":"http:\/\/besenyod.hu\/index.php?rest_route=\/wp\/v2\/types\/page"}],"author":[{"embeddable":true,"href":"http:\/\/besenyod.hu\/index.php?rest_route=\/wp\/v2\/users\/1"}],"replies":[{"embeddable":true,"href":"http:\/\/besenyod.hu\/index.php?rest_route=%2Fwp%2Fv2%2Fcomments&post=1133"}],"version-history":[{"count":1,"href":"http:\/\/besenyod.hu\/index.php?rest_route=\/wp\/v2\/pages\/1133\/revisions"}],"predecessor-version":[{"id":1139,"href":"http:\/\/besenyod.hu\/index.php?rest_route=\/wp\/v2\/pages\/1133\/revisions\/1139"}],"up":[{"embeddable":true,"href":"http:\/\/besenyod.hu\/index.php?rest_route=\/wp\/v2\/pages\/9"}],"wp:attachment":[{"href":"http:\/\/besenyod.hu\/index.php?rest_route=%2Fwp%2Fv2%2Fmedia&parent=1133"}],"curies":[{"name":"wp","href":"https:\/\/api.w.org\/{rel}","templated":true}]}}