{"id":1122,"date":"2022-09-22T10:35:51","date_gmt":"2022-09-22T10:35:51","guid":{"rendered":"http:\/\/besenyod.hu\/?page_id=1122"},"modified":"2022-09-22T10:35:51","modified_gmt":"2022-09-22T10:35:51","slug":"tajekoztato-a-lakossagi-barnakoszen-igeny-felmereserol","status":"publish","type":"page","link":"http:\/\/besenyod.hu\/?page_id=1122","title":{"rendered":"T\u00c1J\u00c9KOZTAT\u00d3 A LAKOSS\u00c1GI BARNAK\u0150SZ\u00c9N IG\u00c9NY FELM\u00c9R\u00c9S\u00c9R\u0150L"},"content":{"rendered":"\n<figure class=\"wp-block-image size-full\"><a href=\"http:\/\/besenyod.hu\/wp-content\/uploads\/2022\/09\/Tajekoztato-a-lakossagi-barnakoszen-igeny-felmereserol.jpg\"><img decoding=\"async\" loading=\"lazy\" width=\"645\" height=\"904\" src=\"http:\/\/besenyod.hu\/wp-content\/uploads\/2022\/09\/Tajekoztato-a-lakossagi-barnakoszen-igeny-felmereserol.jpg\" alt=\"\" class=\"wp-image-1123\" srcset=\"http:\/\/besenyod.hu\/wp-content\/uploads\/2022\/09\/Tajekoztato-a-lakossagi-barnakoszen-igeny-felmereserol.jpg 645w, http:\/\/besenyod.hu\/wp-content\/uploads\/2022\/09\/Tajekoztato-a-lakossagi-barnakoszen-igeny-felmereserol-214x300.jpg 214w\" sizes=\"(max-width: 645px) 100vw, 645px\" \/><\/a><\/figure>\n","protected":false},"excerpt":{"rendered":"","protected":false},"author":1,"featured_media":0,"parent":9,"menu_order":0,"comment_status":"closed","ping_status":"closed","template":"","meta":{"ngg_post_thumbnail":0},"_links":{"self":[{"href":"http:\/\/besenyod.hu\/index.php?rest_route=\/wp\/v2\/pages\/1122"}],"collection":[{"href":"http:\/\/besenyod.hu\/index.php?rest_route=\/wp\/v2\/pages"}],"about":[{"href":"http:\/\/besenyod.hu\/index.php?rest_route=\/wp\/v2\/types\/page"}],"author":[{"embeddable":true,"href":"http:\/\/besenyod.hu\/index.php?rest_route=\/wp\/v2\/users\/1"}],"replies":[{"embeddable":true,"href":"http:\/\/besenyod.hu\/index.php?rest_route=%2Fwp%2Fv2%2Fcomments&post=1122"}],"version-history":[{"count":1,"href":"http:\/\/besenyod.hu\/index.php?rest_route=\/wp\/v2\/pages\/1122\/revisions"}],"predecessor-version":[{"id":1124,"href":"http:\/\/besenyod.hu\/index.php?rest_route=\/wp\/v2\/pages\/1122\/revisions\/1124"}],"up":[{"embeddable":true,"href":"http:\/\/besenyod.hu\/index.php?rest_route=\/wp\/v2\/pages\/9"}],"wp:attachment":[{"href":"http:\/\/besenyod.hu\/index.php?rest_route=%2Fwp%2Fv2%2Fmedia&parent=1122"}],"curies":[{"name":"wp","href":"https:\/\/api.w.org\/{rel}","templated":true}]}}