{"id":1118,"date":"2022-09-13T13:34:47","date_gmt":"2022-09-13T13:34:47","guid":{"rendered":"http:\/\/besenyod.hu\/?page_id=1118"},"modified":"2022-09-13T13:34:47","modified_gmt":"2022-09-13T13:34:47","slug":"nyirsegviz-talyekoztato","status":"publish","type":"page","link":"http:\/\/besenyod.hu\/?page_id=1118","title":{"rendered":"Ny\u00edrs\u00e9gv\u00edz t\u00e1ly\u00e9koztat\u00f3"},"content":{"rendered":"\n<figure class=\"wp-block-gallery has-nested-images columns-default is-cropped wp-block-gallery-1 is-layout-flex\">\n<figure class=\"wp-block-image size-large\"><a href=\"http:\/\/besenyod.hu\/wp-content\/uploads\/2022\/09\/Nyirsegviz-felhivasa.jpg\"><img decoding=\"async\" loading=\"lazy\" width=\"624\" height=\"888\" data-id=\"1119\"  src=\"http:\/\/besenyod.hu\/wp-content\/uploads\/2022\/09\/Nyirsegviz-felhivasa.jpg\" alt=\"\" class=\"wp-image-1119\" srcset=\"http:\/\/besenyod.hu\/wp-content\/uploads\/2022\/09\/Nyirsegviz-felhivasa.jpg 624w, http:\/\/besenyod.hu\/wp-content\/uploads\/2022\/09\/Nyirsegviz-felhivasa-211x300.jpg 211w\" sizes=\"(max-width: 624px) 100vw, 624px\" \/><\/a><\/figure>\n<\/figure>\n","protected":false},"excerpt":{"rendered":"","protected":false},"author":1,"featured_media":0,"parent":9,"menu_order":0,"comment_status":"closed","ping_status":"closed","template":"","meta":{"ngg_post_thumbnail":0},"_links":{"self":[{"href":"http:\/\/besenyod.hu\/index.php?rest_route=\/wp\/v2\/pages\/1118"}],"collection":[{"href":"http:\/\/besenyod.hu\/index.php?rest_route=\/wp\/v2\/pages"}],"about":[{"href":"http:\/\/besenyod.hu\/index.php?rest_route=\/wp\/v2\/types\/page"}],"author":[{"embeddable":true,"href":"http:\/\/besenyod.hu\/index.php?rest_route=\/wp\/v2\/users\/1"}],"replies":[{"embeddable":true,"href":"http:\/\/besenyod.hu\/index.php?rest_route=%2Fwp%2Fv2%2Fcomments&post=1118"}],"version-history":[{"count":1,"href":"http:\/\/besenyod.hu\/index.php?rest_route=\/wp\/v2\/pages\/1118\/revisions"}],"predecessor-version":[{"id":1120,"href":"http:\/\/besenyod.hu\/index.php?rest_route=\/wp\/v2\/pages\/1118\/revisions\/1120"}],"up":[{"embeddable":true,"href":"http:\/\/besenyod.hu\/index.php?rest_route=\/wp\/v2\/pages\/9"}],"wp:attachment":[{"href":"http:\/\/besenyod.hu\/index.php?rest_route=%2Fwp%2Fv2%2Fmedia&parent=1118"}],"curies":[{"name":"wp","href":"https:\/\/api.w.org\/{rel}","templated":true}]}}