{"id":1112,"date":"2022-06-16T15:08:24","date_gmt":"2022-06-16T15:08:24","guid":{"rendered":"http:\/\/besenyod.hu\/?page_id=1112"},"modified":"2022-06-16T15:09:32","modified_gmt":"2022-06-16T15:09:32","slug":"hirdetmeny-a-201-2022-tanev-nyari-szunidei-gyermeketkeztetesrol","status":"publish","type":"page","link":"http:\/\/besenyod.hu\/?page_id=1112","title":{"rendered":"Hirdetm\u00e9ny a 2021\/2022 tan\u00e9v ny\u00e1ri sz\u00fcnidei gyermek\u00e9tkeztet\u00e9sr\u0151l"},"content":{"rendered":"\n<figure class=\"wp-block-image size-large\"><a href=\"http:\/\/besenyod.hu\/wp-content\/uploads\/2022\/06\/2021-2022-Nyari-Szunidei-etkezetes-scaled.jpg\"><img decoding=\"async\" loading=\"lazy\" width=\"739\" height=\"1024\" src=\"http:\/\/besenyod.hu\/wp-content\/uploads\/2022\/06\/2021-2022-Nyari-Szunidei-etkezetes-739x1024.jpg\" alt=\"\" class=\"wp-image-1113\" srcset=\"http:\/\/besenyod.hu\/wp-content\/uploads\/2022\/06\/2021-2022-Nyari-Szunidei-etkezetes-739x1024.jpg 739w, http:\/\/besenyod.hu\/wp-content\/uploads\/2022\/06\/2021-2022-Nyari-Szunidei-etkezetes-216x300.jpg 216w, http:\/\/besenyod.hu\/wp-content\/uploads\/2022\/06\/2021-2022-Nyari-Szunidei-etkezetes-768x1065.jpg 768w, http:\/\/besenyod.hu\/wp-content\/uploads\/2022\/06\/2021-2022-Nyari-Szunidei-etkezetes-1108x1536.jpg 1108w, http:\/\/besenyod.hu\/wp-content\/uploads\/2022\/06\/2021-2022-Nyari-Szunidei-etkezetes-1478x2048.jpg 1478w, http:\/\/besenyod.hu\/wp-content\/uploads\/2022\/06\/2021-2022-Nyari-Szunidei-etkezetes-scaled.jpg 1847w\" sizes=\"(max-width: 739px) 100vw, 739px\" \/><\/a><\/figure>\n","protected":false},"excerpt":{"rendered":"","protected":false},"author":1,"featured_media":0,"parent":9,"menu_order":0,"comment_status":"closed","ping_status":"closed","template":"","meta":{"ngg_post_thumbnail":0},"_links":{"self":[{"href":"http:\/\/besenyod.hu\/index.php?rest_route=\/wp\/v2\/pages\/1112"}],"collection":[{"href":"http:\/\/besenyod.hu\/index.php?rest_route=\/wp\/v2\/pages"}],"about":[{"href":"http:\/\/besenyod.hu\/index.php?rest_route=\/wp\/v2\/types\/page"}],"author":[{"embeddable":true,"href":"http:\/\/besenyod.hu\/index.php?rest_route=\/wp\/v2\/users\/1"}],"replies":[{"embeddable":true,"href":"http:\/\/besenyod.hu\/index.php?rest_route=%2Fwp%2Fv2%2Fcomments&post=1112"}],"version-history":[{"count":3,"href":"http:\/\/besenyod.hu\/index.php?rest_route=\/wp\/v2\/pages\/1112\/revisions"}],"predecessor-version":[{"id":1116,"href":"http:\/\/besenyod.hu\/index.php?rest_route=\/wp\/v2\/pages\/1112\/revisions\/1116"}],"up":[{"embeddable":true,"href":"http:\/\/besenyod.hu\/index.php?rest_route=\/wp\/v2\/pages\/9"}],"wp:attachment":[{"href":"http:\/\/besenyod.hu\/index.php?rest_route=%2Fwp%2Fv2%2Fmedia&parent=1112"}],"curies":[{"name":"wp","href":"https:\/\/api.w.org\/{rel}","templated":true}]}}