{"id":1080,"date":"2022-01-13T14:30:10","date_gmt":"2022-01-13T14:30:10","guid":{"rendered":"http:\/\/besenyod.hu\/?page_id=1080"},"modified":"2022-01-13T14:30:10","modified_gmt":"2022-01-13T14:30:10","slug":"megallapitott-afrikai-sertespestis-betegseg-miatt-fertozott-terulet-kijelolese-es-egyeb-intezkedesek-elrendelese","status":"publish","type":"page","link":"http:\/\/besenyod.hu\/?page_id=1080","title":{"rendered":"Meg\u00e1llap\u00edtott Afrikai sert\u00e9spestis betegs\u00e9g miatt fert\u0151z\u00f6tt ter\u00fclet kijel\u00f6l\u00e9se \u00e9s egy\u00e9b int\u00e9zked\u00e9sek elrendel\u00e9se."},"content":{"rendered":"\n<figure class=\"wp-block-image size-large\"><a href=\"http:\/\/besenyod.hu\/wp-content\/uploads\/2022\/01\/Hirdetmeny-Afrikai-sertespestis-1.jpg\"><img decoding=\"async\" loading=\"lazy\" width=\"838\" height=\"1024\" src=\"http:\/\/besenyod.hu\/wp-content\/uploads\/2022\/01\/Hirdetmeny-Afrikai-sertespestis-1-838x1024.jpg\" alt=\"\" class=\"wp-image-1081\" srcset=\"http:\/\/besenyod.hu\/wp-content\/uploads\/2022\/01\/Hirdetmeny-Afrikai-sertespestis-1-838x1024.jpg 838w, http:\/\/besenyod.hu\/wp-content\/uploads\/2022\/01\/Hirdetmeny-Afrikai-sertespestis-1-246x300.jpg 246w, http:\/\/besenyod.hu\/wp-content\/uploads\/2022\/01\/Hirdetmeny-Afrikai-sertespestis-1-768x938.jpg 768w, http:\/\/besenyod.hu\/wp-content\/uploads\/2022\/01\/Hirdetmeny-Afrikai-sertespestis-1-1257x1536.jpg 1257w, http:\/\/besenyod.hu\/wp-content\/uploads\/2022\/01\/Hirdetmeny-Afrikai-sertespestis-1-1677x2048.jpg 1677w, http:\/\/besenyod.hu\/wp-content\/uploads\/2022\/01\/Hirdetmeny-Afrikai-sertespestis-1.jpg 1914w\" sizes=\"(max-width: 838px) 100vw, 838px\" \/><\/a><\/figure>\n\n\n\n<figure class=\"wp-block-image size-large\"><a href=\"http:\/\/besenyod.hu\/wp-content\/uploads\/2022\/01\/Hirdetmeny-Afrikai-sertespestis-2.jpg\"><img decoding=\"async\" loading=\"lazy\" width=\"838\" height=\"1024\" src=\"http:\/\/besenyod.hu\/wp-content\/uploads\/2022\/01\/Hirdetmeny-Afrikai-sertespestis-2-838x1024.jpg\" alt=\"\" class=\"wp-image-1083\" srcset=\"http:\/\/besenyod.hu\/wp-content\/uploads\/2022\/01\/Hirdetmeny-Afrikai-sertespestis-2-838x1024.jpg 838w, http:\/\/besenyod.hu\/wp-content\/uploads\/2022\/01\/Hirdetmeny-Afrikai-sertespestis-2-246x300.jpg 246w, http:\/\/besenyod.hu\/wp-content\/uploads\/2022\/01\/Hirdetmeny-Afrikai-sertespestis-2-768x938.jpg 768w, http:\/\/besenyod.hu\/wp-content\/uploads\/2022\/01\/Hirdetmeny-Afrikai-sertespestis-2-1257x1536.jpg 1257w, http:\/\/besenyod.hu\/wp-content\/uploads\/2022\/01\/Hirdetmeny-Afrikai-sertespestis-2-1677x2048.jpg 1677w, http:\/\/besenyod.hu\/wp-content\/uploads\/2022\/01\/Hirdetmeny-Afrikai-sertespestis-2.jpg 1914w\" sizes=\"(max-width: 838px) 100vw, 838px\" \/><\/a><\/figure>\n\n\n\n<figure class=\"wp-block-image size-large\"><a href=\"http:\/\/besenyod.hu\/wp-content\/uploads\/2022\/01\/Hirdetmeny-Afrikai-sertespestis-3.jpg\"><img decoding=\"async\" loading=\"lazy\" width=\"838\" height=\"1024\" src=\"http:\/\/besenyod.hu\/wp-content\/uploads\/2022\/01\/Hirdetmeny-Afrikai-sertespestis-3-838x1024.jpg\" alt=\"\" class=\"wp-image-1082\" srcset=\"http:\/\/besenyod.hu\/wp-content\/uploads\/2022\/01\/Hirdetmeny-Afrikai-sertespestis-3-838x1024.jpg 838w, http:\/\/besenyod.hu\/wp-content\/uploads\/2022\/01\/Hirdetmeny-Afrikai-sertespestis-3-246x300.jpg 246w, http:\/\/besenyod.hu\/wp-content\/uploads\/2022\/01\/Hirdetmeny-Afrikai-sertespestis-3-768x938.jpg 768w, http:\/\/besenyod.hu\/wp-content\/uploads\/2022\/01\/Hirdetmeny-Afrikai-sertespestis-3-1257x1536.jpg 1257w, http:\/\/besenyod.hu\/wp-content\/uploads\/2022\/01\/Hirdetmeny-Afrikai-sertespestis-3-1677x2048.jpg 1677w, http:\/\/besenyod.hu\/wp-content\/uploads\/2022\/01\/Hirdetmeny-Afrikai-sertespestis-3.jpg 1914w\" sizes=\"(max-width: 838px) 100vw, 838px\" \/><\/a><\/figure>\n","protected":false},"excerpt":{"rendered":"","protected":false},"author":1,"featured_media":0,"parent":9,"menu_order":0,"comment_status":"closed","ping_status":"closed","template":"","meta":{"ngg_post_thumbnail":0},"_links":{"self":[{"href":"http:\/\/besenyod.hu\/index.php?rest_route=\/wp\/v2\/pages\/1080"}],"collection":[{"href":"http:\/\/besenyod.hu\/index.php?rest_route=\/wp\/v2\/pages"}],"about":[{"href":"http:\/\/besenyod.hu\/index.php?rest_route=\/wp\/v2\/types\/page"}],"author":[{"embeddable":true,"href":"http:\/\/besenyod.hu\/index.php?rest_route=\/wp\/v2\/users\/1"}],"replies":[{"embeddable":true,"href":"http:\/\/besenyod.hu\/index.php?rest_route=%2Fwp%2Fv2%2Fcomments&post=1080"}],"version-history":[{"count":1,"href":"http:\/\/besenyod.hu\/index.php?rest_route=\/wp\/v2\/pages\/1080\/revisions"}],"predecessor-version":[{"id":1084,"href":"http:\/\/besenyod.hu\/index.php?rest_route=\/wp\/v2\/pages\/1080\/revisions\/1084"}],"up":[{"embeddable":true,"href":"http:\/\/besenyod.hu\/index.php?rest_route=\/wp\/v2\/pages\/9"}],"wp:attachment":[{"href":"http:\/\/besenyod.hu\/index.php?rest_route=%2Fwp%2Fv2%2Fmedia&parent=1080"}],"curies":[{"name":"wp","href":"https:\/\/api.w.org\/{rel}","templated":true}]}}