{"id":1076,"date":"2022-01-05T12:23:34","date_gmt":"2022-01-05T12:23:34","guid":{"rendered":"http:\/\/besenyod.hu\/?page_id=1076"},"modified":"2022-01-05T12:23:34","modified_gmt":"2022-01-05T12:23:34","slug":"hirdetmeny-oltasi-hetvege","status":"publish","type":"page","link":"http:\/\/besenyod.hu\/?page_id=1076","title":{"rendered":"Hirdetm\u00e9ny Olt\u00e1si H\u00e9tv\u00e9ge"},"content":{"rendered":"\n<figure class=\"wp-block-image size-large\"><a href=\"http:\/\/besenyod.hu\/wp-content\/uploads\/2022\/01\/HIRDETMENY-OLTASI-HETVEGE.jpg\"><img decoding=\"async\" loading=\"lazy\" width=\"838\" height=\"1024\" src=\"http:\/\/besenyod.hu\/wp-content\/uploads\/2022\/01\/HIRDETMENY-OLTASI-HETVEGE-838x1024.jpg\" alt=\"\" class=\"wp-image-1077\" srcset=\"http:\/\/besenyod.hu\/wp-content\/uploads\/2022\/01\/HIRDETMENY-OLTASI-HETVEGE-838x1024.jpg 838w, http:\/\/besenyod.hu\/wp-content\/uploads\/2022\/01\/HIRDETMENY-OLTASI-HETVEGE-246x300.jpg 246w, http:\/\/besenyod.hu\/wp-content\/uploads\/2022\/01\/HIRDETMENY-OLTASI-HETVEGE-768x938.jpg 768w, http:\/\/besenyod.hu\/wp-content\/uploads\/2022\/01\/HIRDETMENY-OLTASI-HETVEGE-1257x1536.jpg 1257w, http:\/\/besenyod.hu\/wp-content\/uploads\/2022\/01\/HIRDETMENY-OLTASI-HETVEGE-1677x2048.jpg 1677w, http:\/\/besenyod.hu\/wp-content\/uploads\/2022\/01\/HIRDETMENY-OLTASI-HETVEGE.jpg 1914w\" sizes=\"(max-width: 838px) 100vw, 838px\" \/><\/a><\/figure>\n","protected":false},"excerpt":{"rendered":"","protected":false},"author":1,"featured_media":0,"parent":9,"menu_order":0,"comment_status":"closed","ping_status":"closed","template":"","meta":{"ngg_post_thumbnail":0},"_links":{"self":[{"href":"http:\/\/besenyod.hu\/index.php?rest_route=\/wp\/v2\/pages\/1076"}],"collection":[{"href":"http:\/\/besenyod.hu\/index.php?rest_route=\/wp\/v2\/pages"}],"about":[{"href":"http:\/\/besenyod.hu\/index.php?rest_route=\/wp\/v2\/types\/page"}],"author":[{"embeddable":true,"href":"http:\/\/besenyod.hu\/index.php?rest_route=\/wp\/v2\/users\/1"}],"replies":[{"embeddable":true,"href":"http:\/\/besenyod.hu\/index.php?rest_route=%2Fwp%2Fv2%2Fcomments&post=1076"}],"version-history":[{"count":1,"href":"http:\/\/besenyod.hu\/index.php?rest_route=\/wp\/v2\/pages\/1076\/revisions"}],"predecessor-version":[{"id":1078,"href":"http:\/\/besenyod.hu\/index.php?rest_route=\/wp\/v2\/pages\/1076\/revisions\/1078"}],"up":[{"embeddable":true,"href":"http:\/\/besenyod.hu\/index.php?rest_route=\/wp\/v2\/pages\/9"}],"wp:attachment":[{"href":"http:\/\/besenyod.hu\/index.php?rest_route=%2Fwp%2Fv2%2Fmedia&parent=1076"}],"curies":[{"name":"wp","href":"https:\/\/api.w.org\/{rel}","templated":true}]}}