{"id":1048,"date":"2021-10-25T13:13:54","date_gmt":"2021-10-25T13:13:54","guid":{"rendered":"http:\/\/besenyod.hu\/?page_id=1048"},"modified":"2024-05-14T13:12:19","modified_gmt":"2024-05-14T13:12:19","slug":"helyi-valasztasi-bizottsag","status":"publish","type":"page","link":"http:\/\/besenyod.hu\/?page_id=1048","title":{"rendered":"Helyi v\u00e1laszt\u00e1si bizotts\u00e1g hat\u00e1rozatai 2024"},"content":{"rendered":"\n<p class=\"has-text-align-center\">BESENY\u0150D K\u00d6ZS\u00c9G HELYI V\u00c1LASZT\u00c1SI BIZOTTS\u00c1GA<\/p>\n\n\n\n<p class=\"has-text-align-center\">16\/2024. (V. 14.)<\/p>\n\n\n\n<p class=\"has-text-align-center\">a telep\u00fcl\u00e9si roma nemzetis\u00e9gi \u00f6nkorm\u00e1nyzati k\u00e9pvisel\u0151 szavaz\u00f3lap adattartalm\u00e1nak j\u00f3v\u00e1hagy\u00e1s\u00e1r\u00f3l<\/p>\n\n\n\n<div class=\"wp-block-file\"><object class=\"wp-block-file__embed\" data=\"http:\/\/besenyod.hu\/wp-content\/uploads\/2024\/05\/20240514_115258.pdf\" type=\"application\/pdf\" style=\"width:100%;height:600px\" aria-label=\"20240514_115258 be\u00e1gyaz\u00e1sa\"><\/object><a id=\"wp-block-file--media-049cb038-0ee9-44ce-9490-1c908ba4ea61\" href=\"http:\/\/besenyod.hu\/wp-content\/uploads\/2024\/05\/20240514_115258.pdf\">20240514_115258<\/a><a href=\"http:\/\/besenyod.hu\/wp-content\/uploads\/2024\/05\/20240514_115258.pdf\" class=\"wp-block-file__button wp-element-button\" download aria-describedby=\"wp-block-file--media-049cb038-0ee9-44ce-9490-1c908ba4ea61\">Let\u00f6lt\u00e9s<\/a><\/div>\n\n\n<p class=\"has-text-align-center\">BESENY\u0150D K\u00d6ZS\u00c9G HELYI V\u00c1LASZT\u00c1SI BIZOTTS\u00c1GA<\/p>\n<p class=\"has-text-align-center\">16\/2024. (V. 14.)<\/p>\n<p class=\"has-text-align-center\">az egy\u00e9ni list\u00e1s k\u00e9pvisel\u0151 szavaz\u00f3lap adattartalm\u00e1nak j\u00f3v\u00e1hagy\u00e1s\u00e1r\u00f3l<\/p>\n\n\n<div class=\"wp-block-file\"><object class=\"wp-block-file__embed\" data=\"http:\/\/besenyod.hu\/wp-content\/uploads\/2024\/05\/20240514_115331.pdf\" type=\"application\/pdf\" style=\"width:100%;height:600px\" aria-label=\"20240514_115331 be\u00e1gyaz\u00e1sa\"><\/object><a id=\"wp-block-file--media-63e0399f-0ec2-48c7-ba2a-96802a96cf48\" href=\"http:\/\/besenyod.hu\/wp-content\/uploads\/2024\/05\/20240514_115331.pdf\">20240514_115331<\/a><a href=\"http:\/\/besenyod.hu\/wp-content\/uploads\/2024\/05\/20240514_115331.pdf\" class=\"wp-block-file__button wp-element-button\" download aria-describedby=\"wp-block-file--media-63e0399f-0ec2-48c7-ba2a-96802a96cf48\">Let\u00f6lt\u00e9s<\/a><\/div>\n\n\n\n<p class=\"has-text-align-center\">BESENY\u0150D K\u00d6ZS\u00c9G HELYI V\u00c1LASZT\u00c1SI BIZOTTS\u00c1GA<\/p>\n\n\n\n<p class=\"has-text-align-center\">16\/2024. (V. 14.)<\/p>\n\n\n\n<p class=\"has-text-align-center\">a polg\u00e1rmesteri szavaz\u00f3lap adattartalm\u00e1nak j\u00f3v\u00e1hagy\u00e1s\u00e1r\u00f3l<\/p>\n\n\n\n<div class=\"wp-block-file\"><object class=\"wp-block-file__embed\" data=\"http:\/\/besenyod.hu\/wp-content\/uploads\/2024\/05\/20240514_115421.pdf\" type=\"application\/pdf\" style=\"width:100%;height:600px\" aria-label=\"20240514_115421 be\u00e1gyaz\u00e1sa\"><\/object><a id=\"wp-block-file--media-ca8fdf85-1736-4b90-a651-780b6455815e\" href=\"http:\/\/besenyod.hu\/wp-content\/uploads\/2024\/05\/20240514_115421.pdf\">20240514_115421<\/a><a href=\"http:\/\/besenyod.hu\/wp-content\/uploads\/2024\/05\/20240514_115421.pdf\" class=\"wp-block-file__button wp-element-button\" download aria-describedby=\"wp-block-file--media-ca8fdf85-1736-4b90-a651-780b6455815e\">Let\u00f6lt\u00e9s<\/a><\/div>\n\n\n\n<div class=\"wp-block-file\"><object class=\"wp-block-file__embed\" data=\"http:\/\/besenyod.hu\/wp-content\/uploads\/2024\/04\/1-2024-HVB-hatarozat.pdf\" type=\"application\/pdf\" style=\"width:100%;height:600px\" aria-label=\"1-2024-HVB-hatarozat be\u00e1gyaz\u00e1sa\"><\/object><a id=\"wp-block-file--media-4b8dc6e3-acf4-4ffa-ad79-ecc7c14915b9\" href=\"http:\/\/besenyod.hu\/wp-content\/uploads\/2024\/04\/1-2024-HVB-hatarozat.pdf\">1-2024-HVB-hatarozat<\/a><a href=\"http:\/\/besenyod.hu\/wp-content\/uploads\/2024\/04\/1-2024-HVB-hatarozat.pdf\" class=\"wp-block-file__button wp-element-button\" download aria-describedby=\"wp-block-file--media-4b8dc6e3-acf4-4ffa-ad79-ecc7c14915b9\">Let\u00f6lt\u00e9s<\/a><\/div>\n\n\n\n<div class=\"wp-block-file\"><object class=\"wp-block-file__embed\" data=\"http:\/\/besenyod.hu\/wp-content\/uploads\/2024\/04\/2-2024-HVB-hatarozat.pdf\" type=\"application\/pdf\" style=\"width:100%;height:600px\" aria-label=\"2-2024-HVB-hatarozat be\u00e1gyaz\u00e1sa\"><\/object><a id=\"wp-block-file--media-09a6d4a8-a3d7-4e72-8f58-fb1bc470e5fb\" href=\"http:\/\/besenyod.hu\/wp-content\/uploads\/2024\/04\/2-2024-HVB-hatarozat.pdf\">2-2024-HVB-hatarozat<\/a><a href=\"http:\/\/besenyod.hu\/wp-content\/uploads\/2024\/04\/2-2024-HVB-hatarozat.pdf\" class=\"wp-block-file__button wp-element-button\" download aria-describedby=\"wp-block-file--media-09a6d4a8-a3d7-4e72-8f58-fb1bc470e5fb\">Let\u00f6lt\u00e9s<\/a><\/div>\n\n\n\n<div class=\"wp-block-file\"><object class=\"wp-block-file__embed\" data=\"http:\/\/besenyod.hu\/wp-content\/uploads\/2024\/04\/3-2024-HVB-hatarozat.pdf\" type=\"application\/pdf\" style=\"width:100%;height:600px\" aria-label=\"3-2024-HVB-hatarozat be\u00e1gyaz\u00e1sa\"><\/object><a id=\"wp-block-file--media-32fc07d7-6e94-41aa-89f1-7cca349c467f\" href=\"http:\/\/besenyod.hu\/wp-content\/uploads\/2024\/04\/3-2024-HVB-hatarozat.pdf\">3-2024-HVB-hatarozat<\/a><a href=\"http:\/\/besenyod.hu\/wp-content\/uploads\/2024\/04\/3-2024-HVB-hatarozat.pdf\" class=\"wp-block-file__button wp-element-button\" download aria-describedby=\"wp-block-file--media-32fc07d7-6e94-41aa-89f1-7cca349c467f\">Let\u00f6lt\u00e9s<\/a><\/div>\n\n\n\n<div class=\"wp-block-file\"><object class=\"wp-block-file__embed\" data=\"http:\/\/besenyod.hu\/wp-content\/uploads\/2024\/04\/4-2024-HVB-hatarozat.pdf\" type=\"application\/pdf\" style=\"width:100%;height:600px\" aria-label=\"4-2024-HVB-hatarozat be\u00e1gyaz\u00e1sa\"><\/object><a id=\"wp-block-file--media-c673678f-ea62-45c4-a030-b0114f3bc85d\" href=\"http:\/\/besenyod.hu\/wp-content\/uploads\/2024\/04\/4-2024-HVB-hatarozat.pdf\">4-2024-HVB-hatarozat<\/a><a href=\"http:\/\/besenyod.hu\/wp-content\/uploads\/2024\/04\/4-2024-HVB-hatarozat.pdf\" class=\"wp-block-file__button wp-element-button\" download aria-describedby=\"wp-block-file--media-c673678f-ea62-45c4-a030-b0114f3bc85d\">Let\u00f6lt\u00e9s<\/a><\/div>\n\n\n\n<div class=\"wp-block-file\"><object class=\"wp-block-file__embed\" data=\"http:\/\/besenyod.hu\/wp-content\/uploads\/2024\/04\/5-2024-HVB-hatarozat-.pdf\" type=\"application\/pdf\" style=\"width:100%;height:600px\" aria-label=\"5-2024-HVB-hatarozat- be\u00e1gyaz\u00e1sa\"><\/object><a id=\"wp-block-file--media-b1cadadd-5c98-4313-b224-2c0cf9b18645\" href=\"http:\/\/besenyod.hu\/wp-content\/uploads\/2024\/04\/5-2024-HVB-hatarozat-.pdf\">5-2024-HVB-hatarozat-<\/a><a href=\"http:\/\/besenyod.hu\/wp-content\/uploads\/2024\/04\/5-2024-HVB-hatarozat-.pdf\" class=\"wp-block-file__button wp-element-button\" download aria-describedby=\"wp-block-file--media-b1cadadd-5c98-4313-b224-2c0cf9b18645\">Let\u00f6lt\u00e9s<\/a><\/div>\n\n\n\n<div class=\"wp-block-file\"><object class=\"wp-block-file__embed\" data=\"http:\/\/besenyod.hu\/wp-content\/uploads\/2024\/05\/Besenyod-telepulesen-bejelentett-jeloltek-szavazolapon-szereplo-sorrendjenek-sorsolasat-a-Helyi-Valasztasi-Bizottsag-elvegezte-20240508_131315.pdf\" type=\"application\/pdf\" style=\"width:100%;height:600px\" aria-label=\"Besenyod-telepulesen-bejelentett-jeloltek-szavazolapon-szereplo-sorrendjenek-sorsolasat-a-Helyi-Valasztasi-Bizottsag-elvegezte-20240508_131315 be\u00e1gyaz\u00e1sa\"><\/object><a id=\"wp-block-file--media-11b8def8-6d72-48fb-ada4-5acc4318a3f6\" href=\"http:\/\/besenyod.hu\/wp-content\/uploads\/2024\/05\/Besenyod-telepulesen-bejelentett-jeloltek-szavazolapon-szereplo-sorrendjenek-sorsolasat-a-Helyi-Valasztasi-Bizottsag-elvegezte-20240508_131315.pdf\">Besenyod-telepulesen-bejelentett-jeloltek-szavazolapon-szereplo-sorrendjenek-sorsolasat-a-Helyi-Valasztasi-Bizottsag-elvegezte-20240508_131315<\/a><a href=\"http:\/\/besenyod.hu\/wp-content\/uploads\/2024\/05\/Besenyod-telepulesen-bejelentett-jeloltek-szavazolapon-szereplo-sorrendjenek-sorsolasat-a-Helyi-Valasztasi-Bizottsag-elvegezte-20240508_131315.pdf\" class=\"wp-block-file__button wp-element-button\" download aria-describedby=\"wp-block-file--media-11b8def8-6d72-48fb-ada4-5acc4318a3f6\">Let\u00f6lt\u00e9s<\/a><\/div>\n","protected":false},"excerpt":{"rendered":"<p>BESENY\u0150D K\u00d6ZS\u00c9G HELYI V\u00c1LASZT\u00c1SI BIZOTTS\u00c1GA 16\/2024. (V. 14.) a telep\u00fcl\u00e9si roma nemzetis\u00e9gi \u00f6nkorm\u00e1nyzati k\u00e9pvisel\u0151 szavaz\u00f3lap adattartalm\u00e1nak j\u00f3v\u00e1hagy\u00e1s\u00e1r\u00f3l BESENY\u0150D K\u00d6ZS\u00c9G HELYI V\u00c1LASZT\u00c1SI BIZOTTS\u00c1GA 16\/2024. (V. 14.) az egy\u00e9ni list\u00e1s k\u00e9pvisel\u0151 szavaz\u00f3lap adattartalm\u00e1nak j\u00f3v\u00e1hagy\u00e1s\u00e1r\u00f3l BESENY\u0150D K\u00d6ZS\u00c9G HELYI V\u00c1LASZT\u00c1SI BIZOTTS\u00c1GA 16\/2024. (V. 14.) &hellip; <a href=\"http:\/\/besenyod.hu\/?page_id=1048\">Egy kattint\u00e1s ide a folytat\u00e1shoz&#8230;. <span class=\"meta-nav\">&rarr;<\/span><\/a><\/p>\n","protected":false},"author":1,"featured_media":0,"parent":9,"menu_order":0,"comment_status":"closed","ping_status":"closed","template":"","meta":{"ngg_post_thumbnail":0},"_links":{"self":[{"href":"http:\/\/besenyod.hu\/index.php?rest_route=\/wp\/v2\/pages\/1048"}],"collection":[{"href":"http:\/\/besenyod.hu\/index.php?rest_route=\/wp\/v2\/pages"}],"about":[{"href":"http:\/\/besenyod.hu\/index.php?rest_route=\/wp\/v2\/types\/page"}],"author":[{"embeddable":true,"href":"http:\/\/besenyod.hu\/index.php?rest_route=\/wp\/v2\/users\/1"}],"replies":[{"embeddable":true,"href":"http:\/\/besenyod.hu\/index.php?rest_route=%2Fwp%2Fv2%2Fcomments&post=1048"}],"version-history":[{"count":5,"href":"http:\/\/besenyod.hu\/index.php?rest_route=\/wp\/v2\/pages\/1048\/revisions"}],"predecessor-version":[{"id":1273,"href":"http:\/\/besenyod.hu\/index.php?rest_route=\/wp\/v2\/pages\/1048\/revisions\/1273"}],"up":[{"embeddable":true,"href":"http:\/\/besenyod.hu\/index.php?rest_route=\/wp\/v2\/pages\/9"}],"wp:attachment":[{"href":"http:\/\/besenyod.hu\/index.php?rest_route=%2Fwp%2Fv2%2Fmedia&parent=1048"}],"curies":[{"name":"wp","href":"https:\/\/api.w.org\/{rel}","templated":true}]}}