{"id":1044,"date":"2021-10-20T11:36:18","date_gmt":"2021-10-20T11:36:18","guid":{"rendered":"http:\/\/besenyod.hu\/?page_id=1044"},"modified":"2021-10-20T11:36:18","modified_gmt":"2021-10-20T11:36:18","slug":"sajtokozlemeny","status":"publish","type":"page","link":"http:\/\/besenyod.hu\/?page_id=1044","title":{"rendered":"Sajt\u00f3k\u00f6zlem\u00e9ny"},"content":{"rendered":"\n<p>EFOP-1.6.2-16-2017-00005.<\/p>\n\n\n\n<figure class=\"wp-block-image size-full\"><a href=\"http:\/\/besenyod.hu\/wp-content\/uploads\/2021\/10\/Sajtokozlemeny-EFOP-1.6.2-16-20217-00005.jpg\"><img decoding=\"async\" loading=\"lazy\" width=\"645\" height=\"840\" src=\"http:\/\/besenyod.hu\/wp-content\/uploads\/2021\/10\/Sajtokozlemeny-EFOP-1.6.2-16-20217-00005.jpg\" alt=\"\" class=\"wp-image-1045\" srcset=\"http:\/\/besenyod.hu\/wp-content\/uploads\/2021\/10\/Sajtokozlemeny-EFOP-1.6.2-16-20217-00005.jpg 645w, http:\/\/besenyod.hu\/wp-content\/uploads\/2021\/10\/Sajtokozlemeny-EFOP-1.6.2-16-20217-00005-230x300.jpg 230w\" sizes=\"(max-width: 645px) 100vw, 645px\" \/><\/a><\/figure>\n\n\n\n<p><\/p>\n","protected":false},"excerpt":{"rendered":"<p>EFOP-1.6.2-16-2017-00005.<\/p>\n","protected":false},"author":1,"featured_media":0,"parent":475,"menu_order":1,"comment_status":"closed","ping_status":"closed","template":"","meta":{"ngg_post_thumbnail":0},"_links":{"self":[{"href":"http:\/\/besenyod.hu\/index.php?rest_route=\/wp\/v2\/pages\/1044"}],"collection":[{"href":"http:\/\/besenyod.hu\/index.php?rest_route=\/wp\/v2\/pages"}],"about":[{"href":"http:\/\/besenyod.hu\/index.php?rest_route=\/wp\/v2\/types\/page"}],"author":[{"embeddable":true,"href":"http:\/\/besenyod.hu\/index.php?rest_route=\/wp\/v2\/users\/1"}],"replies":[{"embeddable":true,"href":"http:\/\/besenyod.hu\/index.php?rest_route=%2Fwp%2Fv2%2Fcomments&post=1044"}],"version-history":[{"count":2,"href":"http:\/\/besenyod.hu\/index.php?rest_route=\/wp\/v2\/pages\/1044\/revisions"}],"predecessor-version":[{"id":1047,"href":"http:\/\/besenyod.hu\/index.php?rest_route=\/wp\/v2\/pages\/1044\/revisions\/1047"}],"up":[{"embeddable":true,"href":"http:\/\/besenyod.hu\/index.php?rest_route=\/wp\/v2\/pages\/475"}],"wp:attachment":[{"href":"http:\/\/besenyod.hu\/index.php?rest_route=%2Fwp%2Fv2%2Fmedia&parent=1044"}],"curies":[{"name":"wp","href":"https:\/\/api.w.org\/{rel}","templated":true}]}}