{"id":1036,"date":"2021-10-06T13:55:10","date_gmt":"2021-10-06T13:55:10","guid":{"rendered":"http:\/\/besenyod.hu\/?page_id=1036"},"modified":"2021-10-06T13:58:50","modified_gmt":"2021-10-06T13:58:50","slug":"2021-10-04-2021-10-24-ebzarlat-es-legeltetesi-tilalom-elrendelese-hatarozat","status":"publish","type":"page","link":"http:\/\/besenyod.hu\/?page_id=1036","title":{"rendered":"2021.10.04 &#8211; 2021.10.24 &#8211; Ebz\u00e1rlat \u00e9s legeltet\u00e9si tilalom elrendel\u00e9se &#8211; Hat\u00e1rozat"},"content":{"rendered":"\n<figure class=\"wp-block-gallery columns-1 wp-block-gallery-1 is-layout-flex\"><ul class=\"blocks-gallery-grid\"><li class=\"blocks-gallery-item\"><figure><a href=\"http:\/\/besenyod.hu\/wp-content\/uploads\/2021\/10\/Ebzartal-2021-es-1.jpg\"><img decoding=\"async\" loading=\"lazy\" width=\"724\" height=\"1024\" src=\"http:\/\/besenyod.hu\/wp-content\/uploads\/2021\/10\/Ebzartal-2021-es-1-724x1024.jpg\" alt=\"\" data-id=\"1039\" data-full-url=\"http:\/\/besenyod.hu\/wp-content\/uploads\/2021\/10\/Ebzartal-2021-es-1.jpg\" data-link=\"http:\/\/besenyod.hu\/?attachment_id=1039\" class=\"wp-image-1039\" srcset=\"http:\/\/besenyod.hu\/wp-content\/uploads\/2021\/10\/Ebzartal-2021-es-1-724x1024.jpg 724w, http:\/\/besenyod.hu\/wp-content\/uploads\/2021\/10\/Ebzartal-2021-es-1-212x300.jpg 212w, http:\/\/besenyod.hu\/wp-content\/uploads\/2021\/10\/Ebzartal-2021-es-1-768x1086.jpg 768w, http:\/\/besenyod.hu\/wp-content\/uploads\/2021\/10\/Ebzartal-2021-es-1-1086x1536.jpg 1086w, http:\/\/besenyod.hu\/wp-content\/uploads\/2021\/10\/Ebzartal-2021-es-1-1448x2048.jpg 1448w, http:\/\/besenyod.hu\/wp-content\/uploads\/2021\/10\/Ebzartal-2021-es-1.jpg 1653w\" sizes=\"(max-width: 724px) 100vw, 724px\" \/><\/a><\/figure><\/li><li class=\"blocks-gallery-item\"><figure><a href=\"http:\/\/besenyod.hu\/wp-content\/uploads\/2021\/10\/Ebzartal-2021-es-2.jpg\"><img decoding=\"async\" loading=\"lazy\" width=\"724\" height=\"1024\" src=\"http:\/\/besenyod.hu\/wp-content\/uploads\/2021\/10\/Ebzartal-2021-es-2-724x1024.jpg\" alt=\"\" data-id=\"1040\" data-full-url=\"http:\/\/besenyod.hu\/wp-content\/uploads\/2021\/10\/Ebzartal-2021-es-2.jpg\" data-link=\"http:\/\/besenyod.hu\/?attachment_id=1040\" class=\"wp-image-1040\" srcset=\"http:\/\/besenyod.hu\/wp-content\/uploads\/2021\/10\/Ebzartal-2021-es-2-724x1024.jpg 724w, http:\/\/besenyod.hu\/wp-content\/uploads\/2021\/10\/Ebzartal-2021-es-2-212x300.jpg 212w, http:\/\/besenyod.hu\/wp-content\/uploads\/2021\/10\/Ebzartal-2021-es-2-768x1086.jpg 768w, http:\/\/besenyod.hu\/wp-content\/uploads\/2021\/10\/Ebzartal-2021-es-2-1086x1536.jpg 1086w, http:\/\/besenyod.hu\/wp-content\/uploads\/2021\/10\/Ebzartal-2021-es-2-1448x2048.jpg 1448w, http:\/\/besenyod.hu\/wp-content\/uploads\/2021\/10\/Ebzartal-2021-es-2.jpg 1653w\" sizes=\"(max-width: 724px) 100vw, 724px\" \/><\/a><\/figure><\/li><li class=\"blocks-gallery-item\"><figure><a href=\"http:\/\/besenyod.hu\/wp-content\/uploads\/2021\/10\/Ebzartal-2021-es-3.jpg\"><img decoding=\"async\" loading=\"lazy\" width=\"724\" height=\"1024\" src=\"http:\/\/besenyod.hu\/wp-content\/uploads\/2021\/10\/Ebzartal-2021-es-3-724x1024.jpg\" alt=\"\" data-id=\"1041\" data-full-url=\"http:\/\/besenyod.hu\/wp-content\/uploads\/2021\/10\/Ebzartal-2021-es-3.jpg\" data-link=\"http:\/\/besenyod.hu\/?attachment_id=1041\" class=\"wp-image-1041\" srcset=\"http:\/\/besenyod.hu\/wp-content\/uploads\/2021\/10\/Ebzartal-2021-es-3-724x1024.jpg 724w, http:\/\/besenyod.hu\/wp-content\/uploads\/2021\/10\/Ebzartal-2021-es-3-212x300.jpg 212w, http:\/\/besenyod.hu\/wp-content\/uploads\/2021\/10\/Ebzartal-2021-es-3-768x1086.jpg 768w, http:\/\/besenyod.hu\/wp-content\/uploads\/2021\/10\/Ebzartal-2021-es-3-1086x1536.jpg 1086w, http:\/\/besenyod.hu\/wp-content\/uploads\/2021\/10\/Ebzartal-2021-es-3-1448x2048.jpg 1448w, http:\/\/besenyod.hu\/wp-content\/uploads\/2021\/10\/Ebzartal-2021-es-3.jpg 1653w\" sizes=\"(max-width: 724px) 100vw, 724px\" \/><\/a><\/figure><\/li><\/ul><\/figure>\n","protected":false},"excerpt":{"rendered":"","protected":false},"author":1,"featured_media":0,"parent":9,"menu_order":0,"comment_status":"closed","ping_status":"closed","template":"","meta":{"ngg_post_thumbnail":0},"_links":{"self":[{"href":"http:\/\/besenyod.hu\/index.php?rest_route=\/wp\/v2\/pages\/1036"}],"collection":[{"href":"http:\/\/besenyod.hu\/index.php?rest_route=\/wp\/v2\/pages"}],"about":[{"href":"http:\/\/besenyod.hu\/index.php?rest_route=\/wp\/v2\/types\/page"}],"author":[{"embeddable":true,"href":"http:\/\/besenyod.hu\/index.php?rest_route=\/wp\/v2\/users\/1"}],"replies":[{"embeddable":true,"href":"http:\/\/besenyod.hu\/index.php?rest_route=%2Fwp%2Fv2%2Fcomments&post=1036"}],"version-history":[{"count":3,"href":"http:\/\/besenyod.hu\/index.php?rest_route=\/wp\/v2\/pages\/1036\/revisions"}],"predecessor-version":[{"id":1042,"href":"http:\/\/besenyod.hu\/index.php?rest_route=\/wp\/v2\/pages\/1036\/revisions\/1042"}],"up":[{"embeddable":true,"href":"http:\/\/besenyod.hu\/index.php?rest_route=\/wp\/v2\/pages\/9"}],"wp:attachment":[{"href":"http:\/\/besenyod.hu\/index.php?rest_route=%2Fwp%2Fv2%2Fmedia&parent=1036"}],"curies":[{"name":"wp","href":"https:\/\/api.w.org\/{rel}","templated":true}]}}